{"id":835,"date":"2021-01-08T15:43:12","date_gmt":"2021-01-08T14:43:12","guid":{"rendered":"https:\/\/www.sancassiano.it\/f-a-q\/"},"modified":"2024-11-13T17:56:07","modified_gmt":"2024-11-13T16:56:07","slug":"f-a-q","status":"publish","type":"page","link":"https:\/\/www.sancassiano.it\/pt-pt\/f-a-q\/","title":{"rendered":"F.A.Q."},"content":{"rendered":"<div class=\"wpb-content-wrapper\"><p>[vc_row css_animation=&#8221;&#8221; row_type=&#8221;row&#8221; use_row_as_full_screen_section=&#8221;no&#8221; type=&#8221;full_width&#8221; angled_section=&#8221;no&#8221; text_align=&#8221;left&#8221; background_image_as_pattern=&#8221;without_pattern&#8221;][vc_column]\n\t\t\t<!-- START Camere REVOLUTION SLIDER 6.6.18 --><p class=\"rs-p-wp-fix\"><\/p>\n\t\t\t<rs-module-wrap id=\"rev_slider_3_1_wrapper\" data-source=\"gallery\" style=\"visibility:hidden;background:transparent;padding:0;margin:0px auto;margin-top:0;margin-bottom:0;\">\n\t\t\t\t<rs-module id=\"rev_slider_3_1\" style=\"\" data-version=\"6.6.18\">\n\t\t\t\t\t<rs-slides style=\"overflow: hidden; position: absolute;\">\n\t\t\t\t\t\t<rs-slide style=\"position: absolute;\" data-key=\"rs-5\" data-title=\"Slide\" data-anim=\"ms:1000;r:0;\" data-in=\"o:0;\" data-out=\"a:false;\">\n\t\t\t\t\t\t\t<img decoding=\"async\" src=\"\/\/www.sancassiano.it\/wp-content\/plugins\/revslider\/public\/assets\/assets\/dummy.png\" alt=\"\" title=\"San-Cassiano-27\" width=\"1920\" height=\"1280\" class=\"rev-slidebg tp-rs-img rs-lazyload\" data-lazyload=\"\/\/www.sancassiano.it\/wp-content\/uploads\/2019\/11\/San-Cassiano-27.jpg\" data-no-retina>\n<!---->\t\t\t\t\t\t<\/rs-slide>\n\t\t\t\t\t<\/rs-slides>\n\t\t\t\t<\/rs-module>\n\t\t\t\t<script>\n\t\t\t\t\tsetREVStartSize({c: 'rev_slider_3_1',rl:[1240,1024,778,480],el:[700],gw:[500],gh:[700],type:'standard',justify:'',layout:'fullwidth',mh:\"0\"});if (window.RS_MODULES!==undefined && window.RS_MODULES.modules!==undefined && window.RS_MODULES.modules[\"revslider31\"]!==undefined) {window.RS_MODULES.modules[\"revslider31\"].once = false;window.revapi3 = undefined;if (window.RS_MODULES.checkMinimal!==undefined) window.RS_MODULES.checkMinimal()}\n\t\t\t\t<\/script>\n\t\t\t<\/rs-module-wrap>\n\t\t\t<!-- END REVOLUTION SLIDER -->\n[\/vc_column][\/vc_row][vc_row css_animation=&#8221;&#8221; row_type=&#8221;row&#8221; use_row_as_full_screen_section=&#8221;no&#8221; type=&#8221;grid&#8221; angled_section=&#8221;no&#8221; text_align=&#8221;left&#8221; background_image_as_pattern=&#8221;without_pattern&#8221; z_index=&#8221;&#8221; padding_top=&#8221;50&#8243; padding_bottom=&#8221;50&#8243;][vc_column][vc_column_text]<\/p>\n<h1 style=\"text-align: center;\">Perguntas Frequentes<\/h1>\n<p>[\/vc_column_text][\/vc_column][\/vc_row][vc_row css_animation=&#8221;&#8221; row_type=&#8221;row&#8221; use_row_as_full_screen_section=&#8221;no&#8221; type=&#8221;full_width&#8221; angled_section=&#8221;no&#8221; text_align=&#8221;left&#8221; background_image_as_pattern=&#8221;without_pattern&#8221; z_index=&#8221;&#8221; padding_bottom=&#8221;60&#8243;][vc_column]<div class=\"qode-accordion-holder clearfix qode-toggle qode-initial \">\n\t<h4 class=\"clearfix qode-title-holder\">\n<span class=\"qode-tab-title\">\n\t    <span class=\"qode-tab-title-inner\">\n        Qual \u00e9 a melhor forma de chegar ao hotel?    <\/span>\n<\/span>\n<span class=\"qode-accordion-mark\">\n    <span class=\"qode-accordion-mark-icon\">\n        <span class=\"icon_plus\"><\/span>\n        <span class=\"icon_minus-06\"><\/span>\n    <\/span>\n<\/span>\n<\/h4>\n<div  class=\"qode-accordion-content \" >\n    <div class=\"qode-accordion-content-inner\">\n        [vc_column_text]<strong>De comboio<\/strong> | Da esta\u00e7\u00e3o ferrovi\u00e1ria de Veneza Santa L\u00facia, pode apanhar-se um t\u00e1xi aqu\u00e1tico diretamente para o hotel ou o vaporetto ACTV da linha 1 at\u00e9 \u00e0 paragem de San Stae. O hotel fica a cinco minutos a p\u00e9 do cais.<\/p>\n<p><strong>De carro<\/strong> | Do terminal autom\u00f3vel de Piazzale Roma, pode chegar-se ao hotel de t\u00e1xi aqu\u00e1tico ou pelo vaporetto ACTV da linha 1 at\u00e9 \u00e0 paragem de San Stae. Partindo de Tronchetto, apanhar o vaporetto ACTV linha 2 para a Piazzale Roma e depois o ACTV linha 1 at\u00e9 \u00e0 paragem de San Stae. O hotel fica a cinco minutos a p\u00e9 do cais.<\/p>\n<p><strong>De avi\u00e3o<\/strong> | Do aeroporto de Veneza Marco Polo, pode chegar-se ao hotel de t\u00e1xi aqu\u00e1tico at\u00e9 ao nosso cais privado, ou apanhar o autocarro Alilaguna, linha Laranja, at\u00e9 \u00e0 paragem de San Stae. O hotel fica a cinco minutos a p\u00e9 do cais. Como alternativa, pode apanhar-se o autocarro Actv linha 5 para a Piazzale Roma e, a partir da\u00ed, o vaporetto ACTV linha 1 at\u00e9 \u00e0 paragem de San Stae. O hotel fica a cinco minutos a p\u00e9 do cais.[\/vc_column_text]    <\/div>\n<\/div><h4 class=\"clearfix qode-title-holder\">\n<span class=\"qode-tab-title\">\n\t    <span class=\"qode-tab-title-inner\">\n        Onde posso comer?    <\/span>\n<\/span>\n<span class=\"qode-accordion-mark\">\n    <span class=\"qode-accordion-mark-icon\">\n        <span class=\"icon_plus\"><\/span>\n        <span class=\"icon_minus-06\"><\/span>\n    <\/span>\n<\/span>\n<\/h4>\n<div  class=\"qode-accordion-content \" >\n    <div class=\"qode-accordion-content-inner\">\n        [vc_column_text]O Hotel San Cassiano est\u00e1 perto de 3 bons restaurantes, como o Nono Risorto, o Regina Sconta e o Muro San Stae.<\/p>\n<p>Tamb\u00e9m nas proximidades existe um minimercado org\u00e2nico, uma excelente padaria t\u00edpica e um supermercado.[\/vc_column_text]    <\/div>\n<\/div><h4 class=\"clearfix qode-title-holder\">\n<span class=\"qode-tab-title\">\n\t    <span class=\"qode-tab-title-inner\">\n        O que posso ver nas proximidades?    <\/span>\n<\/span>\n<span class=\"qode-accordion-mark\">\n    <span class=\"qode-accordion-mark-icon\">\n        <span class=\"icon_plus\"><\/span>\n        <span class=\"icon_minus-06\"><\/span>\n    <\/span>\n<\/span>\n<\/h4>\n<div  class=\"qode-accordion-content \" >\n    <div class=\"qode-accordion-content-inner\">\n        [vc_column_text]A nossa rece\u00e7\u00e3o, aberta 24 horas por dia, ajudar\u00e1 a organizar visitas aos museus pr\u00f3ximos de n\u00f3s: Ca&#8217; Pesaro, galeria internacional de arte moderna; Palazzo Mocenigo, museu de tecidos, trajes e perfumes venezianos; Funda\u00e7\u00e3o Prada, sede de sofisticadas exposi\u00e7\u00f5es privadas e eventos de prest\u00edgio.<\/p>\n<p>N\u00e3o deixe de visitar o mercado de peixe de Rialto, um local t\u00edpico para mergulhar no clima de outros tempos (fecha \u00e0s segundas-feiras).[\/vc_column_text]    <\/div>\n<\/div><h4 class=\"clearfix qode-title-holder\">\n<span class=\"qode-tab-title\">\n\t    <span class=\"qode-tab-title-inner\">\n        Como posso chegar ao aeroporto rapidamente?    <\/span>\n<\/span>\n<span class=\"qode-accordion-mark\">\n    <span class=\"qode-accordion-mark-icon\">\n        <span class=\"icon_plus\"><\/span>\n        <span class=\"icon_minus-06\"><\/span>\n    <\/span>\n<\/span>\n<\/h4>\n<div  class=\"qode-accordion-content \" >\n    <div class=\"qode-accordion-content-inner\">\n        [vc_column_text]O t\u00e1xi aqu\u00e1tico chega ao aeroporto Marco Polo em apenas 25 minutos, com um custo de 140 \u20ac para 4 pessoas, incluindo bagagem. O Hotel San Cassiano oferece ancoradouro privado e os funcion\u00e1rios ter\u00e3o todo o prazer em ajud\u00e1-lo com a sua bagagem.[\/vc_column_text]    <\/div>\n<\/div><h4 class=\"clearfix qode-title-holder\">\n<span class=\"qode-tab-title\">\n\t    <span class=\"qode-tab-title-inner\">\n        Como posso chegar ao aeroporto de modo econ\u00f3mico?    <\/span>\n<\/span>\n<span class=\"qode-accordion-mark\">\n    <span class=\"qode-accordion-mark-icon\">\n        <span class=\"icon_plus\"><\/span>\n        <span class=\"icon_minus-06\"><\/span>\n    <\/span>\n<\/span>\n<\/h4>\n<div  class=\"qode-accordion-content \" >\n    <div class=\"qode-accordion-content-inner\">\n        [vc_column_text]A linha de navega\u00e7\u00e3o Alilaguna Laranja sai do cais de San Stae, a apenas 5 minutos do Hotel San Cassiano, e chega ao aeroporto em cerca de 50 minutos. Custa 15 \u20ac por pessoa, incluindo bagagem.[\/vc_column_text]    <\/div>\n<\/div><h4 class=\"clearfix qode-title-holder\">\n<span class=\"qode-tab-title\">\n\t    <span class=\"qode-tab-title-inner\">\n        Qual \u00e9 o hor\u00e1rio de check-in e check-out?    <\/span>\n<\/span>\n<span class=\"qode-accordion-mark\">\n    <span class=\"qode-accordion-mark-icon\">\n        <span class=\"icon_plus\"><\/span>\n        <span class=\"icon_minus-06\"><\/span>\n    <\/span>\n<\/span>\n<\/h4>\n<div  class=\"qode-accordion-content \" >\n    <div class=\"qode-accordion-content-inner\">\n        [vc_column_text]O check-in \u00e9 a partir das 14h00; o check-out \u00e9 at\u00e9 as 11h30.<\/p>\n<p>A nossa rece\u00e7\u00e3o aberta 24 horas por dia pode guardar a sua bagagem gratuitamente para que descubra Veneza antes mesmo do check-in ou ap\u00f3s o check-out.[\/vc_column_text]    <\/div>\n<\/div><h4 class=\"clearfix qode-title-holder\">\n<span class=\"qode-tab-title\">\n\t    <span class=\"qode-tab-title-inner\">\n        O que inclui o pequeno-almo\u00e7o?    <\/span>\n<\/span>\n<span class=\"qode-accordion-mark\">\n    <span class=\"qode-accordion-mark-icon\">\n        <span class=\"icon_plus\"><\/span>\n        <span class=\"icon_minus-06\"><\/span>\n    <\/span>\n<\/span>\n<\/h4>\n<div  class=\"qode-accordion-content \" >\n    <div class=\"qode-accordion-content-inner\">\n        [vc_column_text]A tarifa com pequeno-almo\u00e7o inclui um delicioso pequeno-almo\u00e7o continental com um buffet composto por pratos quentes e frios, doces e salgados, com possibilidade de pedir pratos sem gl\u00faten. \u00c9 servido todos os dias das 7h30 \u00e0s 10h00, no 2.\u00ba andar do Hotel, com uma vista deslumbrante para o Grande Canal.[\/vc_column_text]    <\/div>\n<\/div><h4 class=\"clearfix qode-title-holder\">\n<span class=\"qode-tab-title\">\n\t    <span class=\"qode-tab-title-inner\">\n        Existe chaleira no quarto?    <\/span>\n<\/span>\n<span class=\"qode-accordion-mark\">\n    <span class=\"qode-accordion-mark-icon\">\n        <span class=\"icon_plus\"><\/span>\n        <span class=\"icon_minus-06\"><\/span>\n    <\/span>\n<\/span>\n<\/h4>\n<div  class=\"qode-accordion-content \" >\n    <div class=\"qode-accordion-content-inner\">\n        [vc_column_text]H\u00e1 uma chaleira para fazer caf\u00e9 e ch\u00e1 em cada quarto.[\/vc_column_text]    <\/div>\n<\/div><\/div>[\/vc_column][\/vc_row]<\/p>\n<\/div>","protected":false},"excerpt":{"rendered":"<p>[vc_row css_animation=&#8221;&#8221; row_type=&#8221;row&#8221; use_row_as_full_screen_section=&#8221;no&#8221; type=&#8221;full_width&#8221; angled_section=&#8221;no&#8221; text_align=&#8221;left&#8221; background_image_as_pattern=&#8221;without_pattern&#8221;][vc_column][\/vc_column][\/vc_row][vc_row css_animation=&#8221;&#8221; row_type=&#8221;row&#8221; use_row_as_full_screen_section=&#8221;no&#8221; type=&#8221;grid&#8221; angled_section=&#8221;no&#8221; text_align=&#8221;left&#8221; background_image_as_pattern=&#8221;without_pattern&#8221; z_index=&#8221;&#8221; padding_top=&#8221;50&#8243; padding_bottom=&#8221;50&#8243;][vc_column][vc_column_text] Perguntas Frequentes [\/vc_column_text][\/vc_column][\/vc_row][vc_row css_animation=&#8221;&#8221; row_type=&#8221;row&#8221; use_row_as_full_screen_section=&#8221;no&#8221; type=&#8221;full_width&#8221; angled_section=&#8221;no&#8221; text_align=&#8221;left&#8221; background_image_as_pattern=&#8221;without_pattern&#8221; z_index=&#8221;&#8221; padding_bottom=&#8221;60&#8243;][vc_column][\/vc_column][\/vc_row]<\/p>\n","protected":false},"author":1,"featured_media":0,"parent":0,"menu_order":0,"comment_status":"closed","ping_status":"closed","template":"","meta":{"footnotes":""},"class_list":["post-835","page","type-page","status-publish","hentry"],"_links":{"self":[{"href":"https:\/\/www.sancassiano.it\/pt-pt\/wp-json\/wp\/v2\/pages\/835","targetHints":{"allow":["GET"]}}],"collection":[{"href":"https:\/\/www.sancassiano.it\/pt-pt\/wp-json\/wp\/v2\/pages"}],"about":[{"href":"https:\/\/www.sancassiano.it\/pt-pt\/wp-json\/wp\/v2\/types\/page"}],"author":[{"embeddable":true,"href":"https:\/\/www.sancassiano.it\/pt-pt\/wp-json\/wp\/v2\/users\/1"}],"replies":[{"embeddable":true,"href":"https:\/\/www.sancassiano.it\/pt-pt\/wp-json\/wp\/v2\/comments?post=835"}],"version-history":[{"count":13,"href":"https:\/\/www.sancassiano.it\/pt-pt\/wp-json\/wp\/v2\/pages\/835\/revisions"}],"predecessor-version":[{"id":1032,"href":"https:\/\/www.sancassiano.it\/pt-pt\/wp-json\/wp\/v2\/pages\/835\/revisions\/1032"}],"wp:attachment":[{"href":"https:\/\/www.sancassiano.it\/pt-pt\/wp-json\/wp\/v2\/media?parent=835"}],"curies":[{"name":"wp","href":"https:\/\/api.w.org\/{rel}","templated":true}]}}