{"id":804,"date":"2021-01-08T15:35:54","date_gmt":"2021-01-08T14:35:54","guid":{"rendered":"https:\/\/www.sancassiano.it\/localizacao\/"},"modified":"2021-01-08T15:35:55","modified_gmt":"2021-01-08T14:35:55","slug":"localizacao","status":"publish","type":"page","link":"https:\/\/www.sancassiano.it\/pt-pt\/localizacao\/","title":{"rendered":"LOCALIZA\u00c7\u00c3O"},"content":{"rendered":"<div class=\"wpb-content-wrapper\"><p>[vc_row css_animation=&#8221;&#8221; row_type=&#8221;row&#8221; use_row_as_full_screen_section=&#8221;no&#8221; type=&#8221;full_width&#8221; angled_section=&#8221;no&#8221; text_align=&#8221;left&#8221; background_image_as_pattern=&#8221;without_pattern&#8221;][vc_column][vc_raw_html]W3dwZ216YSBpZD0iMSJd[\/vc_raw_html][\/vc_column][\/vc_row][vc_row css_animation=&#8221;&#8221; row_type=&#8221;row&#8221; use_row_as_full_screen_section=&#8221;no&#8221; type=&#8221;grid&#8221; angled_section=&#8221;no&#8221; text_align=&#8221;left&#8221; background_image_as_pattern=&#8221;without_pattern&#8221; z_index=&#8221;&#8221; padding_top=&#8221;50&#8243; padding_bottom=&#8221;50&#8243;][vc_column][vc_column_text]<\/p>\n<h1 style=\"text-align: center;\">LOCALIZA\u00c7\u00c3O<\/h1>\n<p>[\/vc_column_text][vc_empty_space height=&#8221;20px&#8221;][vc_column_text]<\/p>\n<p style=\"text-align: center;\">O <strong>Hotel San Cassiano em Veneza<\/strong> est\u00e1 localizado no caracter\u00edstico bairro de <strong>Santa Croce<\/strong> e oferece uma vista deslumbrante do <strong>Grande Canal.<\/strong><\/p>\n<p style=\"text-align: center;\">Apenas a 5 minutos a p\u00e9 de Rialto, <g id=\"gid_0\">Ca&#8217; Favretto \u00e9 uma casa hist\u00f3rica<\/g> conveniente para se ir \u00e0 <g id=\"gid_1\">Ca&#8217; Pesaro<\/g>, uma galeria internacional de arte moderna; ao <g id=\"gid_2\">Palazzo Mocenigo<\/g>, museu de tecidos, trajes e perfumes venezianos; \u00e0 <g id=\"gid_3\">Fondazione Prada<\/g>, que acolhe sofisticadas exposi\u00e7\u00f5es privadas e eventos de prest\u00edgio, at\u00e9 \u00e0 encantadora <g id=\"gid_4\">Piazza San Marco<\/g>, \u00c0 sua bas\u00edlica e ao famoso campan\u00e1rio, em cerca de 15 minutos a p\u00e9.     <\/p>\n<p style=\"text-align: center;\"><strong>O Hotel San Cassiano<\/strong> fica apenas a 5 minutos a p\u00e9 do cais dos vaporettos. Da paragem de <g id=\"gid_1\">San Stae<\/g>, a poucos metros do nosso hotel, partem as principais linhas de navega\u00e7\u00e3o para se chegar \u00e0s principais atra\u00e7\u00f5es de Veneza. <\/p>\n<p>[\/vc_column_text][\/vc_column][\/vc_row][vc_row css_animation=&#8221;&#8221; row_type=&#8221;row&#8221; use_row_as_full_screen_section=&#8221;no&#8221; type=&#8221;grid&#8221; angled_section=&#8221;no&#8221; text_align=&#8221;left&#8221; background_image_as_pattern=&#8221;without_pattern&#8221; anchor=&#8221;#come-raggiungere&#8221; padding_top=&#8221;30&#8243; padding_bottom=&#8221;30&#8243;][vc_column][vc_column_text]<\/p>\n<h2>COMO CHEGAR AT\u00c9 N\u00d3S<\/h2>\n<p>[\/vc_column_text][\/vc_column][\/vc_row][vc_row css_animation=&#8221;&#8221; row_type=&#8221;row&#8221; use_row_as_full_screen_section=&#8221;no&#8221; type=&#8221;grid&#8221; angled_section=&#8221;no&#8221; text_align=&#8221;left&#8221; background_image_as_pattern=&#8221;without_pattern&#8221; padding_top=&#8221;30&#8243; padding_bottom=&#8221;30&#8243; z_index=&#8221;&#8221;][vc_column width=&#8221;1\/6&#8243;]<span data-type=\"circle\" data-hover-bg-color=\"#ac9460\" data-hover-icon-color=\"#ffffff\" class=\"qode_icon_shortcode fa-stack q_font_awsome_icon_stack fa-4x pull-center \" style=\"font-size: 40px;font-size: 50px; \"><i class=\"fa fa-circle fa-stack-base fa-stack-2x\" style=\"color: #ac9460;\"><\/i><i class=\"qode_icon_font_awesome fa fa-train qode_icon_element fa-stack-1x\" style=\"font-size: 40px;color: #ffffff;\" ><\/i><\/span>[\/vc_column][vc_column width=&#8221;5\/6&#8243;][vc_empty_space height=&#8221;5px&#8221;][vc_column_text]<\/p>\n<h3>DE COMBOIO | ESTA\u00c7\u00c3O FERROVI\u00c1RIA DE SANTA L\u00daCIA<\/h3>\n<p>[\/vc_column_text][vc_empty_space height=&#8221;15px&#8221;][vc_column_text]Da esta\u00e7\u00e3o ferrovi\u00e1ria de Veneza Santa L\u00facia, pode apanhar-se um t\u00e1xi aqu\u00e1tico diretamente para o hotel ou o vaporetto ACTV da linha 1 at\u00e9 \u00e0 paragem de San Stae. O hotel fica a cinco minutos a p\u00e9 do cais.[\/vc_column_text][\/vc_column][\/vc_row][vc_row css_animation=&#8221;&#8221; row_type=&#8221;row&#8221; use_row_as_full_screen_section=&#8221;no&#8221; type=&#8221;grid&#8221; angled_section=&#8221;no&#8221; text_align=&#8221;left&#8221; background_image_as_pattern=&#8221;without_pattern&#8221; padding_bottom=&#8221;30&#8243;][vc_column width=&#8221;1\/6&#8243;]<span data-type=\"circle\" data-hover-bg-color=\"#ac9460\" data-hover-icon-color=\"#ffffff\" class=\"qode_icon_shortcode fa-stack q_font_awsome_icon_stack fa-4x pull-center \" style=\"font-size: 40px;font-size: 50px; \"><i class=\"fa fa-circle fa-stack-base fa-stack-2x\" style=\"color: #ac9460;\"><\/i><i class=\"qode_icon_font_awesome fa fa-plane qode_icon_element fa-stack-1x\" style=\"font-size: 40px;color: #ffffff;\" ><\/i><\/span>[\/vc_column][vc_column width=&#8221;5\/6&#8243;][vc_empty_space height=&#8221;5px&#8221;][vc_column_text]<\/p>\n<h3>DE AVI\u00c3O | AEROPORTO DE VENEZA MARCO POLO<\/h3>\n<p>[\/vc_column_text][vc_empty_space height=&#8221;15px&#8221;][vc_column_text]Do aeroporto de Veneza Marco Polo, pode chegar-se ao hotel de t\u00e1xi aqu\u00e1tico at\u00e9 ao nosso cais privado, ou apanhar o autocarro Alilaguna, linha Laranja, at\u00e9 \u00e0 paragem de San Stae. O hotel fica a cinco minutos a p\u00e9 do cais. <\/p>\n<p>Como alternativa, pode apanhar-se o autocarro Actv linha 5 para a Piazzale Roma e, a partir da\u00ed, o vaporetto ACTV linha 1 at\u00e9 \u00e0 paragem de San Stae. O hotel fica a cinco minutos a p\u00e9 do cais.[\/vc_column_text][\/vc_column][\/vc_row][vc_row css_animation=&#8221;&#8221; row_type=&#8221;row&#8221; use_row_as_full_screen_section=&#8221;no&#8221; type=&#8221;grid&#8221; angled_section=&#8221;no&#8221; text_align=&#8221;left&#8221; background_image_as_pattern=&#8221;without_pattern&#8221; padding_top=&#8221;30&#8243; padding_bottom=&#8221;30&#8243; z_index=&#8221;&#8221;][vc_column width=&#8221;1\/6&#8243;]<span data-type=\"circle\" data-hover-bg-color=\"#ac9460\" data-hover-icon-color=\"#ffffff\" class=\"qode_icon_shortcode fa-stack q_font_awsome_icon_stack fa-4x pull-center \" style=\"font-size: 40px;font-size: 50px; \"><i class=\"fa fa-circle fa-stack-base fa-stack-2x\" style=\"color: #ac9460;\"><\/i><i class=\"qode_icon_font_awesome fa fa-car qode_icon_element fa-stack-1x\" style=\"font-size: 40px;color: #ffffff;\" ><\/i><\/span>[\/vc_column][vc_column width=&#8221;5\/6&#8243;][vc_empty_space height=&#8221;5px&#8221;][vc_column_text]<\/p>\n<h3>DE CARRO | PIAZZALE ROMA (TERMINAL AUTOM\u00d3VEL)<\/h3>\n<p>[\/vc_column_text][vc_empty_space height=&#8221;15px&#8221;][vc_column_text]Do terminal autom\u00f3vel de Piazzale Roma, pode chegar-se ao hotel de t\u00e1xi aqu\u00e1tico ou pelo vaporetto ACTV da linha 1 at\u00e9 \u00e0 paragem de San Stae. Partindo de Tronchetto, apanhar o vaporetto ACTV linha 2 para a Piazzale Roma e depois o ACTV linha 1 at\u00e9 \u00e0 paragem de San Stae. O hotel fica a cinco minutos a p\u00e9 do cais.[\/vc_column_text][\/vc_column][\/vc_row][vc_row css_animation=&#8221;&#8221; row_type=&#8221;row&#8221; use_row_as_full_screen_section=&#8221;no&#8221; type=&#8221;full_width&#8221; angled_section=&#8221;no&#8221; text_align=&#8221;left&#8221; background_image_as_pattern=&#8221;without_pattern&#8221; padding_top=&#8221;30&#8243; z_index=&#8221;&#8221;][vc_column]<div class=\"call_to_action with_icon\" style=\"background-color: #ac9460;padding-top: 50px;padding-bottom: 50px;\"><div class=\"container_inner\"><div class=\"two_columns_75_25 clearfix\"><div class=\"text_wrapper column1\"><div class=\"call_to_action_icon_holder\"><div class=\"call_to_action_icon\"><div class=\"call_to_action_icon_inner\"><i class='fa fa-file-pdf-o pull-left . fa-3x'><\/i><\/div><\/div><\/div><div class=\"call_to_action_text  font_size_inherit font_weight_inherit\" style=\"font-size:26px;font-weight: 400;\">\n<p style=\"text-align: center;\"><span style=\"color: #ffffff;\"><strong>Transferir o mapa em PDF.<\/strong><\/span><\/p>\n<\/div><\/div><div class=\"button_wrapper column2\"><a itemprop=\"url\" href=\"https:\/\/www.sancassiano.it\/wp-content\/uploads\/2020\/12\/map_it.pdf\" class=\"qbutton white large\" target=\"_blank\" style=\"background-color: #aaa185;\"data-hover-background-color=#aaa185 >TRANSFERIR<\/a><\/div><\/div><\/div><\/div>[\/vc_column][\/vc_row]<\/p>\n<\/div>","protected":false},"excerpt":{"rendered":"<p>[vc_row css_animation=&#8221;&#8221; row_type=&#8221;row&#8221; use_row_as_full_screen_section=&#8221;no&#8221; type=&#8221;full_width&#8221; angled_section=&#8221;no&#8221; text_align=&#8221;left&#8221; background_image_as_pattern=&#8221;without_pattern&#8221;][vc_column][vc_raw_html]W3dwZ216YSBpZD0iMSJd[\/vc_raw_html][\/vc_column][\/vc_row][vc_row css_animation=&#8221;&#8221; row_type=&#8221;row&#8221; use_row_as_full_screen_section=&#8221;no&#8221; type=&#8221;grid&#8221; angled_section=&#8221;no&#8221; text_align=&#8221;left&#8221; background_image_as_pattern=&#8221;without_pattern&#8221; z_index=&#8221;&#8221; padding_top=&#8221;50&#8243; padding_bottom=&#8221;50&#8243;][vc_column][vc_column_text] LOCALIZA\u00c7\u00c3O [\/vc_column_text][vc_empty_space height=&#8221;20px&#8221;][vc_column_text] O Hotel San Cassiano em Veneza est\u00e1 localizado no caracter\u00edstico bairro de Santa Croce e oferece uma vista deslumbrante do Grande Canal. Apenas a&#8230;<\/p>\n","protected":false},"author":1,"featured_media":0,"parent":0,"menu_order":0,"comment_status":"closed","ping_status":"closed","template":"full_width.php","meta":{"footnotes":""},"class_list":["post-804","page","type-page","status-publish","hentry"],"_links":{"self":[{"href":"https:\/\/www.sancassiano.it\/pt-pt\/wp-json\/wp\/v2\/pages\/804","targetHints":{"allow":["GET"]}}],"collection":[{"href":"https:\/\/www.sancassiano.it\/pt-pt\/wp-json\/wp\/v2\/pages"}],"about":[{"href":"https:\/\/www.sancassiano.it\/pt-pt\/wp-json\/wp\/v2\/types\/page"}],"author":[{"embeddable":true,"href":"https:\/\/www.sancassiano.it\/pt-pt\/wp-json\/wp\/v2\/users\/1"}],"replies":[{"embeddable":true,"href":"https:\/\/www.sancassiano.it\/pt-pt\/wp-json\/wp\/v2\/comments?post=804"}],"version-history":[{"count":7,"href":"https:\/\/www.sancassiano.it\/pt-pt\/wp-json\/wp\/v2\/pages\/804\/revisions"}],"predecessor-version":[{"id":811,"href":"https:\/\/www.sancassiano.it\/pt-pt\/wp-json\/wp\/v2\/pages\/804\/revisions\/811"}],"wp:attachment":[{"href":"https:\/\/www.sancassiano.it\/pt-pt\/wp-json\/wp\/v2\/media?parent=804"}],"curies":[{"name":"wp","href":"https:\/\/api.w.org\/{rel}","templated":true}]}}