{"id":791,"date":"2021-01-08T15:27:05","date_gmt":"2021-01-08T14:27:05","guid":{"rendered":"https:\/\/www.sancassiano.it\/pagina-inicial\/"},"modified":"2025-06-13T17:32:40","modified_gmt":"2025-06-13T15:32:40","slug":"pagina-inicial","status":"publish","type":"page","link":"https:\/\/www.sancassiano.it\/pt-pt\/","title":{"rendered":"P\u00c1GINA INICIAL"},"content":{"rendered":"<div class=\"wpb-content-wrapper\"><p>[vc_row css_animation=&#8221;&#8221; row_type=&#8221;row&#8221; use_row_as_full_screen_section=&#8221;no&#8221; type=&#8221;full_width&#8221; angled_section=&#8221;no&#8221; text_align=&#8221;left&#8221; background_image_as_pattern=&#8221;without_pattern&#8221;][vc_column]\n\t\t\t<!-- START Home REVOLUTION SLIDER 6.6.18 --><p class=\"rs-p-wp-fix\"><\/p>\n\t\t\t<rs-module-wrap id=\"rev_slider_1_1_wrapper\" data-source=\"gallery\" style=\"visibility:hidden;background:transparent;padding:0;\">\n\t\t\t\t<rs-module id=\"rev_slider_1_1\" style=\"\" data-version=\"6.6.18\">\n\t\t\t\t\t<rs-slides style=\"overflow: hidden; position: absolute;\">\n\t\t\t\t\t\t<rs-slide style=\"position: absolute;\" data-key=\"rs-1\" data-title=\"Slide\" data-thumb=\"\/\/www.sancassiano.it\/wp-content\/uploads\/2019\/11\/terrace-view-50x100.jpg\" data-anim=\"ms:1000;r:0;\" data-in=\"o:0;\" data-out=\"a:false;\">\n\t\t\t\t\t\t\t<img decoding=\"async\" src=\"\/\/www.sancassiano.it\/wp-content\/plugins\/revslider\/public\/assets\/assets\/dummy.png\" alt=\"\" title=\"terrace-view\" width=\"1920\" height=\"1280\" class=\"rev-slidebg tp-rs-img rs-lazyload\" data-lazyload=\"\/\/www.sancassiano.it\/wp-content\/uploads\/2019\/11\/terrace-view.jpg\" data-no-retina>\n<!---->\t\t\t\t\t\t<\/rs-slide>\n\t\t\t\t\t\t<rs-slide style=\"position: absolute;\" data-key=\"rs-10\" data-title=\"Slide\" data-thumb=\"\/\/www.sancassiano.it\/wp-content\/uploads\/2019\/11\/San-Cassiano-16-50x100.jpg\" data-anim=\"ms:1000;r:0;\" data-in=\"o:0;\" data-out=\"a:false;\">\n\t\t\t\t\t\t\t<img decoding=\"async\" src=\"\/\/www.sancassiano.it\/wp-content\/plugins\/revslider\/public\/assets\/assets\/dummy.png\" alt=\"\" title=\"San-Cassiano-16\" width=\"1920\" height=\"1280\" class=\"rev-slidebg tp-rs-img rs-lazyload\" data-lazyload=\"\/\/www.sancassiano.it\/wp-content\/uploads\/2019\/11\/San-Cassiano-16.jpg\" data-no-retina>\n<!---->\t\t\t\t\t\t<\/rs-slide>\n\t\t\t\t\t<\/rs-slides>\n\t\t\t\t\t<rs-static-layers><!--\n\t\t\t\t\t--><\/rs-static-layers>\n\t\t\t\t<\/rs-module>\n\t\t\t\t<script>\n\t\t\t\t\tsetREVStartSize({c: 'rev_slider_1_1',rl:[1240,1024,778,480],el:[900],gw:[1240],gh:[900],type:'standard',justify:'',layout:'fullscreen',offsetContainer:'',offset:'',mh:\"0\"});if (window.RS_MODULES!==undefined && window.RS_MODULES.modules!==undefined && window.RS_MODULES.modules[\"revslider11\"]!==undefined) {window.RS_MODULES.modules[\"revslider11\"].once = false;window.revapi1 = undefined;if (window.RS_MODULES.checkMinimal!==undefined) window.RS_MODULES.checkMinimal()}\n\t\t\t\t<\/script>\n\t\t\t<\/rs-module-wrap>\n\t\t\t<!-- END REVOLUTION SLIDER -->\n[vc_raw_html]PGRpdiBjbGFzcz0iYXJyb3ctd3JhcHBlciI+PGRpdiBjbGFzcz0iYXJyb3ciPjwvZGl2PjwvZGl2Pg==[\/vc_raw_html][\/vc_column][\/vc_row][vc_row css_animation=&#8221;&#8221; row_type=&#8221;row&#8221; use_row_as_full_screen_section=&#8221;no&#8221; type=&#8221;full_width&#8221; angled_section=&#8221;no&#8221; text_align=&#8221;left&#8221; background_image_as_pattern=&#8221;without_pattern&#8221; padding_top=&#8221;40&#8243; z_index=&#8221;&#8221;][vc_column][qode_elements_holder number_of_columns=&#8221;two_columns&#8221;][qode_elements_holder_item vertical_alignment=&#8221;middle&#8221; advanced_animations=&#8221;no&#8221; item_padding=&#8221;40px 60px 40px 60px&#8221;][vc_column_text]<\/p>\n<h2>Hotel com vista para o Canal Grande em Veneza<\/h2>\n<p>[\/vc_column_text][vc_empty_space height=&#8221;20px&#8221;][vc_column_text]<strong>Hotel San Cassiano<\/strong> <em>\u00e9 um hotel de 4 estrelas no cora\u00e7\u00e3o de Veneza. Alojado no edif\u00edcio hist\u00f3rico &#8220;Ca&#8217; Favretto&#8221;, casa do famoso pintor do s\u00e9culo XIX, Giacomo Favretto, oferece 36 quartos, alguns dos quais com uma vista deslumbrante sobre o Grande Canal. <\/em><\/p>\n<p>Localizado no bairro de Santa Croce, o Hotel San Cassiano fica a poucos minutos a p\u00e9 de Rialto, a \u00e1rea do famoso mercado e da ponte com o mesmo nome, da Erbaria, \u00e1rea de bares e petiscos, e finalmente da Mercerie, uma rua comercial que liga Rialto a S\u00e3o Marcos.<\/p>\n<p><strong>IMPORTANT INFORMATION<\/strong>: There is no lift\/elevator in the building[\/vc_column_text][vc_empty_space height=&#8221;20px&#8221;]\n\n\t<a href=\"https:\/\/www.sancassiano.it\/posizione\" target=\"_self\" style=\"color: #ffffff;background-color: #ac9460;font-size: 16px;font-weight: 400;text-transform: uppercase;letter-spacing: 1px\" class=\"qode-btn qode-btn-medium qode-btn-solid qode-btn-custom-hover-bg qode-btn-custom-hover-color qode-btn-with-shadow qode-btn-shadow-hover\" data-hover-bg-color=\"#9e8247\" data-hover-color=\"#ffffff\" >\n\t    <span class=\"qode-btn-text\">VER A LOCALIZA\u00c7\u00c3O<\/span>\t<\/a>\n\n[\/qode_elements_holder_item][qode_elements_holder_item vertical_alignment=&#8221;middle&#8221; advanced_animations=&#8221;no&#8221;][vc_single_image image=&#8221;75&#8243; img_size=&#8221;950&#215;650&#8243; qode_css_animation=&#8221;&#8221;][\/qode_elements_holder_item][\/qode_elements_holder][\/vc_column][\/vc_row][vc_row css_animation=&#8221;&#8221; row_type=&#8221;row&#8221; use_row_as_full_screen_section=&#8221;no&#8221; type=&#8221;full_width&#8221; angled_section=&#8221;no&#8221; text_align=&#8221;left&#8221; background_image_as_pattern=&#8221;without_pattern&#8221; padding_bottom=&#8221;40&#8243; z_index=&#8221;&#8221;][vc_column][qode_elements_holder number_of_columns=&#8221;two_columns&#8221;][qode_elements_holder_item vertical_alignment=&#8221;middle&#8221; advanced_animations=&#8221;no&#8221;][vc_single_image image=&#8221;78&#8243; img_size=&#8221;950&#215;650&#8243; qode_css_animation=&#8221;&#8221;][\/qode_elements_holder_item][qode_elements_holder_item vertical_alignment=&#8221;middle&#8221; advanced_animations=&#8221;no&#8221; item_padding=&#8221;40px 60px 40px 60px&#8221;][vc_column_text]<\/p>\n<h2>Os nossos pontos fortes<\/h2>\n<p>[\/vc_column_text][vc_empty_space height=&#8221;20px&#8221;][vc_column_text]<\/p>\n<ul>\n<li><strong>O Hotel San Cassiano<\/strong> oferece aos seus h\u00f3spedes <strong>mais de quarenta anos<\/strong> de experi\u00eancia no setor da Hotelaria.<\/li>\n<li><strong>A Ca&#8217; Favretto<\/strong> foi a casa hist\u00f3rica onde viveu <strong>Giacomo Favretto<\/strong>, um pintor do s\u00e9culo XIX cujas obras est\u00e3o presentes em museus de todo o mundo.<\/li>\n<li>O Hotel San Cassiano goza de <strong>uma vista exclusiva para o Grande Canal e a Ca&#8217; D&#8217;Oro<\/strong>, e a sala de pequenos-almo\u00e7os, localizada no segundo andar do edif\u00edcio, tem uma varanda com vista para o canal.<\/li>\n<li>O Hotel San Cassiano possui <strong>6 quartos Deluxe<\/strong> com vista para o Grande Canal, <strong>uma solu\u00e7\u00e3o ideal para estadias rom\u00e2nticas e luas de mel.<\/strong><\/li>\n<li>A longa experi\u00eancia no setor hoteleiro permite-nos receber <strong>excelentes cr\u00edticas<\/strong> nos principais portais tur\u00edsticos mundiais.<\/li>\n<li>O <strong>Hotel San Cassiano<\/strong> est\u00e1 localizado numa \u00e1rea residencial <strong>muito tranquila<\/strong> de Veneza, mas <strong>a uma curta dist\u00e2ncia dos principais locais de interesse. .<\/strong><\/li>\n<\/ul>\n<p>[\/vc_column_text][vc_empty_space height=&#8221;20px&#8221;]\n\n\t<a href=\"#\" target=\"_self\" style=\"color: #ffffff;background-color: #ac9460;font-size: 16px;font-weight: 400;text-transform: uppercase;letter-spacing: 1px\" class=\"qode-btn qode-btn-medium qode-btn-solid qode-btn-custom-hover-bg qode-btn-custom-hover-color be2-book-link qode-btn-with-shadow qode-btn-shadow-hover\" data-hover-bg-color=\"#9e8247\" data-hover-color=\"#ffffff\" >\n\t    <span class=\"qode-btn-text\">RESERVE J\u00c1<\/span>\t<\/a>\n\n[\/qode_elements_holder_item][\/qode_elements_holder][\/vc_column][\/vc_row][vc_row_inner row_type=&#8221;row&#8221; type=&#8221;full_width&#8221; text_align=&#8221;left&#8221; css_animation=&#8221;&#8221; padding_top=&#8221;40&#8243; padding_bottom=&#8221;40&#8243;][vc_column_inner][vc_column_text]<\/p>\n<h1 style=\"text-align: center;\">Instagram Feed<\/h1>\n<p>[\/vc_column_text][vc_empty_space height=&#8221;25px&#8221;]\n            <div \n                class=\"elfsight-widget-instagram-feed elfsight-widget\" \n                data-elfsight-instagram-feed-options=\"%7B%22apiChangesMessage%22%3Anull%2C%22sourceType%22%3A%22personalAccount%22%2C%22source%22%3A%5B%5D%2C%22personalAccessToken%22%3A%22%22%2C%22businessAccessToken%22%3A%22%22%2C%22businessAccount%22%3Anull%2C%22position%22%3A%22%22%2C%22businessHashtag%22%3A%22%23eiffeltower%22%2C%22filterOnly%22%3A%5B%22%23venice%22%5D%2C%22filterExcept%22%3A%5B%5D%2C%22limit%22%3A12%2C%22order%22%3A%22date%22%2C%22layout%22%3A%22grid%22%2C%22postTemplate%22%3A%22tile%22%2C%22columns%22%3A5%2C%22rows%22%3A1%2C%22gutter%22%3A0%2C%22responsive%22%3A%5B%7B%22minWidth%22%3A375%2C%22columns%22%3A1%2C%22rows%22%3A%226%22%2C%22gutter%22%3A%220%22%7D%2C%7B%22minWidth%22%3A768%2C%22columns%22%3A%221%22%2C%22rows%22%3A%226%22%2C%22gutter%22%3A%220%22%7D%5D%2C%22width%22%3A%22auto%22%2C%22callToActionButtons%22%3A%5B%7B%22postUrl%22%3A%22https%3A%5C%2F%5C%2Fwww.instagram.com%5C%2Fp%5C%2FBmr7eH0nyxQ%5C%2F%22%2C%22buttonLabel%22%3A%22Install%20Instagram%20Feed%20now%22%2C%22buttonLink%22%3A%22https%3A%5C%2F%5C%2Felfsight.com%5C%2Finstagram-feed-instashow%5C%2F%22%7D%2C%7B%22postUrl%22%3A%22https%3A%5C%2F%5C%2Fwww.instagram.com%5C%2Fp%5C%2FBmgZy5FnnQB%5C%2F%22%2C%22buttonLabel%22%3A%22Install%20Instagram%20Feed%20now%22%2C%22buttonLink%22%3A%22https%3A%5C%2F%5C%2Felfsight.com%5C%2Finstagram-feed-instashow%5C%2F%22%7D%2C%7B%22postUrl%22%3A%22https%3A%5C%2F%5C%2Fwww.instagram.com%5C%2Fp%5C%2FBmbbCfBndRU%5C%2F%22%2C%22buttonLabel%22%3A%22Install%20Instagram%20Feed%20now%22%2C%22buttonLink%22%3A%22https%3A%5C%2F%5C%2Felfsight.com%5C%2Finstagram-feed-instashow%5C%2F%22%7D%5D%2C%22postElements%22%3A%5B%22user%22%2C%22date%22%2C%22instagramLink%22%2C%22likesCount%22%2C%22commentsCount%22%2C%22share%22%2C%22text%22%5D%2C%22popupElements%22%3A%5B%22user%22%2C%22location%22%2C%22followButton%22%2C%22instagramLink%22%2C%22likesCount%22%2C%22share%22%2C%22text%22%2C%22comments%22%2C%22date%22%5D%2C%22imageClickAction%22%3A%22popup%22%2C%22sliderArrows%22%3Atrue%2C%22sliderDrag%22%3Atrue%2C%22sliderSpeed%22%3A0.6%2C%22sliderAutoplay%22%3A%22%22%2C%22colorScheme%22%3A%22default%22%2C%22colorPostOverlayBg%22%3A%22rgba%280%2C%200%2C%200%2C%200.8%29%22%2C%22colorPostOverlayText%22%3A%22rgb%28255%2C%20255%2C%20255%29%22%2C%22colorPostBg%22%3A%22rgb%28255%2C%20255%2C%20255%29%22%2C%22colorPostText%22%3A%22rgb%280%2C%200%2C%200%29%22%2C%22colorPostLinks%22%3A%22rgb%280%2C%2053%2C%20107%29%22%2C%22colorSliderArrows%22%3A%22rgb%28255%2C%20255%2C%20255%29%22%2C%22colorSliderArrowsBg%22%3A%22rgba%280%2C%200%2C%200%2C%200.9%29%22%2C%22colorGridLoadMoreButton%22%3A%22rgb%2856%2C%20151%2C%20240%29%22%2C%22colorPopupOverlay%22%3A%22rgba%2843%2C%2043%2C%2043%2C%200.9%29%22%2C%22colorPopupBg%22%3A%22rgb%28255%2C%20255%2C%20255%29%22%2C%22colorPopupText%22%3A%22rgb%280%2C%200%2C%200%29%22%2C%22colorPopupLinks%22%3A%22rgb%280%2C%2053%2C%20105%29%22%2C%22colorPopupFollowButton%22%3A%22rgb%2856%2C%20151%2C%20240%29%22%2C%22colorPopupCtaButton%22%3A%22rgb%2856%2C%20151%2C%20240%29%22%2C%22widgetTitle%22%3A%22%22%2C%22lang%22%3A%22en%22%2C%22apiUrl%22%3A%22https%3A%5C%2F%5C%2Fwww.sancassiano.it%5C%2Fpt-pt%5C%2Fwp-json%5C%2Felfsight-instagram-feed%5C%2Fapi%22%2C%22apiProxyUrl%22%3A%22https%3A%5C%2F%5C%2Fwww.sancassiano.it%5C%2Fpt-pt%5C%2Fwp-json%5C%2Felfsight-instagram-feed%22%2C%22widgetId%22%3A%221%22%7D\" \n                data-elfsight-instagram-feed-version=\"4.0.1\"\n                data-elfsight-widget-id=\"elfsight-instagram-feed-1\">\n            <\/div>\n            [\/vc_column_inner][\/vc_row_inner][vc_row css_animation=&#8221;&#8221; row_type=&#8221;row&#8221; use_row_as_full_screen_section=&#8221;no&#8221; type=&#8221;full_width&#8221; angled_section=&#8221;no&#8221; text_align=&#8221;left&#8221; background_image_as_pattern=&#8221;without_pattern&#8221; css=&#8221;.vc_custom_1645615754526{padding-bottom: 50px !important;}&#8221; z_index=&#8221;&#8221;][vc_column][vc_single_image image=&#8221;946&#8243; img_size=&#8221;full&#8221; alignment=&#8221;center&#8221; onclick=&#8221;custom_link&#8221; qode_css_animation=&#8221;&#8221; link=&#8221;https:\/\/www.sancassiano.it\/por-fesr&#8221;][\/vc_column][\/vc_row]<\/p>\n<\/div>","protected":false},"excerpt":{"rendered":"<p>[vc_row css_animation=&#8221;&#8221; row_type=&#8221;row&#8221; use_row_as_full_screen_section=&#8221;no&#8221; type=&#8221;full_width&#8221; angled_section=&#8221;no&#8221; text_align=&#8221;left&#8221; background_image_as_pattern=&#8221;without_pattern&#8221;][vc_column][vc_raw_html]PGRpdiBjbGFzcz0iYXJyb3ctd3JhcHBlciI+PGRpdiBjbGFzcz0iYXJyb3ciPjwvZGl2PjwvZGl2Pg==[\/vc_raw_html][\/vc_column][\/vc_row][vc_row css_animation=&#8221;&#8221; row_type=&#8221;row&#8221; use_row_as_full_screen_section=&#8221;no&#8221; type=&#8221;full_width&#8221; angled_section=&#8221;no&#8221; text_align=&#8221;left&#8221; background_image_as_pattern=&#8221;without_pattern&#8221; padding_top=&#8221;40&#8243; z_index=&#8221;&#8221;][vc_column][qode_elements_holder number_of_columns=&#8221;two_columns&#8221;][qode_elements_holder_item vertical_alignment=&#8221;middle&#8221; advanced_animations=&#8221;no&#8221; item_padding=&#8221;40px 60px 40px 60px&#8221;][vc_column_text] Hotel com vista para o Canal Grande em Veneza [\/vc_column_text][vc_empty_space height=&#8221;20px&#8221;][vc_column_text]Hotel San Cassiano \u00e9 um hotel de 4 estrelas no cora\u00e7\u00e3o&#8230;<\/p>\n","protected":false},"author":1,"featured_media":0,"parent":0,"menu_order":0,"comment_status":"closed","ping_status":"closed","template":"full_width.php","meta":{"footnotes":""},"class_list":["post-791","page","type-page","status-publish","hentry"],"_links":{"self":[{"href":"https:\/\/www.sancassiano.it\/pt-pt\/wp-json\/wp\/v2\/pages\/791","targetHints":{"allow":["GET"]}}],"collection":[{"href":"https:\/\/www.sancassiano.it\/pt-pt\/wp-json\/wp\/v2\/pages"}],"about":[{"href":"https:\/\/www.sancassiano.it\/pt-pt\/wp-json\/wp\/v2\/types\/page"}],"author":[{"embeddable":true,"href":"https:\/\/www.sancassiano.it\/pt-pt\/wp-json\/wp\/v2\/users\/1"}],"replies":[{"embeddable":true,"href":"https:\/\/www.sancassiano.it\/pt-pt\/wp-json\/wp\/v2\/comments?post=791"}],"version-history":[{"count":10,"href":"https:\/\/www.sancassiano.it\/pt-pt\/wp-json\/wp\/v2\/pages\/791\/revisions"}],"predecessor-version":[{"id":1044,"href":"https:\/\/www.sancassiano.it\/pt-pt\/wp-json\/wp\/v2\/pages\/791\/revisions\/1044"}],"wp:attachment":[{"href":"https:\/\/www.sancassiano.it\/pt-pt\/wp-json\/wp\/v2\/media?parent=791"}],"curies":[{"name":"wp","href":"https:\/\/api.w.org\/{rel}","templated":true}]}}