{"id":214,"date":"2020-12-22T19:05:57","date_gmt":"2020-12-22T18:05:57","guid":{"rendered":"http:\/\/www.sancassiano.it\/?page_id=214"},"modified":"2020-12-23T16:57:44","modified_gmt":"2020-12-23T15:57:44","slug":"situation","status":"publish","type":"page","link":"https:\/\/www.sancassiano.it\/fr\/situation\/","title":{"rendered":"Situation"},"content":{"rendered":"<div class=\"wpb-content-wrapper\"><p>[vc_row css_animation=\u00a0\u00bb\u00a0\u00bb row_type=\u00a0\u00bbrow\u00a0\u00bb use_row_as_full_screen_section=\u00a0\u00bbno\u00a0\u00bb type=\u00a0\u00bbfull_width\u00a0\u00bb angled_section=\u00a0\u00bbno\u00a0\u00bb text_align=\u00a0\u00bbleft\u00a0\u00bb background_image_as_pattern=\u00a0\u00bbwithout_pattern\u00a0\u00bb][vc_column][vc_raw_html]JTVCd3BnbXphJTIwaWQlM0QlMjIxJTIyJTVE[\/vc_raw_html][\/vc_column][\/vc_row][vc_row css_animation=\u00a0\u00bb\u00a0\u00bb row_type=\u00a0\u00bbrow\u00a0\u00bb use_row_as_full_screen_section=\u00a0\u00bbno\u00a0\u00bb type=\u00a0\u00bbgrid\u00a0\u00bb angled_section=\u00a0\u00bbno\u00a0\u00bb text_align=\u00a0\u00bbleft\u00a0\u00bb background_image_as_pattern=\u00a0\u00bbwithout_pattern\u00a0\u00bb z_index=\u00a0\u00bb\u00a0\u00bb padding_top=\u00a0\u00bb50&Prime; padding_bottom=\u00a0\u00bb50&Prime;][vc_column][vc_column_text]<\/p>\n<h1 style=\"text-align: center;\">Situation<\/h1>\n<p>[\/vc_column_text][vc_empty_space height=\u00a0\u00bb20px\u00a0\u00bb][vc_column_text]<\/p>\n<p style=\"text-align: center;\">L\u2019H\u00f4tel San Cassiano de Venise est situ\u00e9 dans le quartier typique de Santa Croce et b\u00e9n\u00e9ficie d\u2019une vue imprenable sur le Grand Canal.<\/p>\n<p style=\"text-align: center;\">\u00c0 seulement 5 minutes \u00e0 pied du Rialto, la Ca\u2019 Favretto est une maison historique pratique pour rejoindre la Ca\u2019 Pesaro, une galerie internationale d&rsquo;art moderne\u00a0; le Palais Mocenigo, le mus\u00e9e consacr\u00e9 aux tissus, costumes et parfums v\u00e9nitiens\u00a0; la Fondation Prada qui accueille des expositions priv\u00e9es sophistiqu\u00e9es et des \u00e9v\u00e9nements prestigieux et permet de rejoindre la charmante Place Saint-Marc, sa basilique et son c\u00e9l\u00e8bre campanile en 15 minutes de marche.L\u2019H\u00f4tel San Cassiano se trouve \u00e0 seulement 5 minutes \u00e0 pied du d\u00e9barcad\u00e8re du vaporetto.<\/p>\n<p style=\"text-align: center;\">L\u2019arr\u00eat San Stae, situ\u00e9 \u00e0 quelques m\u00e8tres de notre h\u00f4tel, est desservi par les principales lignes de navigation \u00e0 destination des grands centres d\u2019int\u00e9r\u00eat de Venise.<\/p>\n<p>[\/vc_column_text][\/vc_column][\/vc_row][vc_row css_animation=\u00a0\u00bb\u00a0\u00bb row_type=\u00a0\u00bbrow\u00a0\u00bb use_row_as_full_screen_section=\u00a0\u00bbno\u00a0\u00bb type=\u00a0\u00bbgrid\u00a0\u00bb angled_section=\u00a0\u00bbno\u00a0\u00bb text_align=\u00a0\u00bbleft\u00a0\u00bb background_image_as_pattern=\u00a0\u00bbwithout_pattern\u00a0\u00bb anchor=\u00a0\u00bb#come-raggiungere\u00a0\u00bb padding_top=\u00a0\u00bb30&Prime; padding_bottom=\u00a0\u00bb30&Prime;][vc_column][vc_column_text]<\/p>\n<h2>COMMENT NOU JOINDRE<\/h2>\n<p>[\/vc_column_text][\/vc_column][\/vc_row][vc_row css_animation=\u00a0\u00bb\u00a0\u00bb row_type=\u00a0\u00bbrow\u00a0\u00bb use_row_as_full_screen_section=\u00a0\u00bbno\u00a0\u00bb type=\u00a0\u00bbgrid\u00a0\u00bb angled_section=\u00a0\u00bbno\u00a0\u00bb text_align=\u00a0\u00bbleft\u00a0\u00bb background_image_as_pattern=\u00a0\u00bbwithout_pattern\u00a0\u00bb padding_top=\u00a0\u00bb30&Prime; padding_bottom=\u00a0\u00bb30&Prime; z_index=\u00a0\u00bb\u00a0\u00bb][vc_column width=\u00a0\u00bb1\/6&Prime;]<span data-type=\"circle\" data-hover-bg-color=\"#ac9460\" data-hover-icon-color=\"#ffffff\" class=\"qode_icon_shortcode fa-stack q_font_awsome_icon_stack fa-4x pull-center \" style=\"font-size: 40px;font-size: 50px; \"><i class=\"fa fa-circle fa-stack-base fa-stack-2x\" style=\"color: #ac9460;\"><\/i><i class=\"qode_icon_font_awesome fa fa-train qode_icon_element fa-stack-1x\" style=\"font-size: 40px;color: #ffffff;\" ><\/i><\/span>[\/vc_column][vc_column width=\u00a0\u00bb5\/6&Prime;][vc_empty_space height=\u00a0\u00bb5px\u00a0\u00bb][vc_column_text]<\/p>\n<h3>En train<\/h3>\n<p>[\/vc_column_text][vc_empty_space height=\u00a0\u00bb15px\u00a0\u00bb][vc_column_text]Depuis la gare Venise Santa Lucia, vous pouvez prendre un bateau-taxi directement jusqu\u2019\u00e0 l\u2019H\u00f4tel ou le vaporetto ACTV ligne 1 jusqu\u2019\u00e0 l\u2019arr\u00eat San Stae. L\u2019H\u00f4tel est \u00e0 cinq minutes \u00e0 pied de l\u2019embarcad\u00e8re.[\/vc_column_text][\/vc_column][\/vc_row][vc_row css_animation=\u00a0\u00bb\u00a0\u00bb row_type=\u00a0\u00bbrow\u00a0\u00bb use_row_as_full_screen_section=\u00a0\u00bbno\u00a0\u00bb type=\u00a0\u00bbgrid\u00a0\u00bb angled_section=\u00a0\u00bbno\u00a0\u00bb text_align=\u00a0\u00bbleft\u00a0\u00bb background_image_as_pattern=\u00a0\u00bbwithout_pattern\u00a0\u00bb padding_bottom=\u00a0\u00bb30&Prime;][vc_column width=\u00a0\u00bb1\/6&Prime;]<span data-type=\"circle\" data-hover-bg-color=\"#ac9460\" data-hover-icon-color=\"#ffffff\" class=\"qode_icon_shortcode fa-stack q_font_awsome_icon_stack fa-4x pull-center \" style=\"font-size: 40px;font-size: 50px; \"><i class=\"fa fa-circle fa-stack-base fa-stack-2x\" style=\"color: #ac9460;\"><\/i><i class=\"qode_icon_font_awesome fa fa-plane qode_icon_element fa-stack-1x\" style=\"font-size: 40px;color: #ffffff;\" ><\/i><\/span>[\/vc_column][vc_column width=\u00a0\u00bb5\/6&Prime;][vc_empty_space height=\u00a0\u00bb5px\u00a0\u00bb][vc_column_text]<\/p>\n<h3>En voiture<\/h3>\n<p>[\/vc_column_text][vc_empty_space height=\u00a0\u00bb15px\u00a0\u00bb][vc_column_text]Depuis le terminal de voitures de Piazzale Roma, vous pouvez rejoindre l\u2019H\u00f4tel en bateau-taxi ou en vaporetto ACTV ligne 1 jusqu\u2019\u00e0 l\u2019arr\u00eat San Stae.<\/p>\n<p>De Tronchetto, prenez le vaporetto ACTV ligne 2 jusqu\u2019\u00e0 Piazzale Roma, puis la ligne 1 d\u2019ACTV jusqu\u2019\u00e0 l\u2019arr\u00eat San Stae. L\u2019H\u00f4tel est \u00e0 cinq minutes \u00e0 pied de l\u2019embarcad\u00e8re.[\/vc_column_text][\/vc_column][\/vc_row][vc_row css_animation=\u00a0\u00bb\u00a0\u00bb row_type=\u00a0\u00bbrow\u00a0\u00bb use_row_as_full_screen_section=\u00a0\u00bbno\u00a0\u00bb type=\u00a0\u00bbgrid\u00a0\u00bb angled_section=\u00a0\u00bbno\u00a0\u00bb text_align=\u00a0\u00bbleft\u00a0\u00bb background_image_as_pattern=\u00a0\u00bbwithout_pattern\u00a0\u00bb padding_top=\u00a0\u00bb30&Prime; padding_bottom=\u00a0\u00bb30&Prime; z_index=\u00a0\u00bb\u00a0\u00bb][vc_column width=\u00a0\u00bb1\/6&Prime;]<span data-type=\"circle\" data-hover-bg-color=\"#ac9460\" data-hover-icon-color=\"#ffffff\" class=\"qode_icon_shortcode fa-stack q_font_awsome_icon_stack fa-4x pull-center \" style=\"font-size: 40px;font-size: 50px; \"><i class=\"fa fa-circle fa-stack-base fa-stack-2x\" style=\"color: #ac9460;\"><\/i><i class=\"qode_icon_font_awesome fa fa-car qode_icon_element fa-stack-1x\" style=\"font-size: 40px;color: #ffffff;\" ><\/i><\/span>[\/vc_column][vc_column width=\u00a0\u00bb5\/6&Prime;][vc_empty_space height=\u00a0\u00bb5px\u00a0\u00bb][vc_column_text]<\/p>\n<h3>En avion<\/h3>\n<p>[\/vc_column_text][vc_empty_space height=\u00a0\u00bb15px\u00a0\u00bb][vc_column_text]De l\u2019a\u00e9roport de Venise Marco Polo, vous pouvez rejoindre l\u2019H\u00f4tel en bateau-taxi jusqu\u2019\u00e0 notre ponton priv\u00e9, ou prendre la navette Alilaguna ligne orange jusqu\u2019\u00e0 l\u2019arr\u00eat San Stae. L\u2019h\u00f4tel est \u00e0 cinq minutes \u00e0 pied de l\u2019embarcad\u00e8re.[\/vc_column_text][\/vc_column][\/vc_row][vc_row css_animation=\u00a0\u00bb\u00a0\u00bb row_type=\u00a0\u00bbrow\u00a0\u00bb use_row_as_full_screen_section=\u00a0\u00bbno\u00a0\u00bb type=\u00a0\u00bbfull_width\u00a0\u00bb angled_section=\u00a0\u00bbno\u00a0\u00bb text_align=\u00a0\u00bbleft\u00a0\u00bb background_image_as_pattern=\u00a0\u00bbwithout_pattern\u00a0\u00bb padding_top=\u00a0\u00bb30&Prime; z_index=\u00a0\u00bb\u00a0\u00bb][vc_column]<div class=\"call_to_action with_icon\" style=\"background-color: #ac9460;padding-top: 50px;padding-bottom: 50px;\"><div class=\"container_inner\"><div class=\"two_columns_75_25 clearfix\"><div class=\"text_wrapper column1\"><div class=\"call_to_action_icon_holder\"><div class=\"call_to_action_icon\"><div class=\"call_to_action_icon_inner\"><i class='fa fa-file-pdf-o pull-left . fa-3x'><\/i><\/div><\/div><\/div><div class=\"call_to_action_text  font_size_inherit font_weight_inherit\" style=\"font-size:26px;font-weight: 400;\">\n<p style=\"text-align: center;\"><span style=\"color: #ffffff;\"><strong>T\u00e9l\u00e9chargez la carte PDF<\/strong><\/span><\/p>\n<\/div><\/div><div class=\"button_wrapper column2\"><a itemprop=\"url\" href=\"https:\/\/www.sancassiano.it\/wp-content\/uploads\/2020\/12\/map_fr.pdf\" class=\"qbutton white large\" target=\"_blank\" style=\"background-color: #aaa185;\"data-hover-background-color=#aaa185 >Download<\/a><\/div><\/div><\/div><\/div>[\/vc_column][\/vc_row]<\/p>\n<\/div>","protected":false},"excerpt":{"rendered":"<p>[vc_row css_animation=\u00a0\u00bb\u00a0\u00bb row_type=\u00a0\u00bbrow\u00a0\u00bb use_row_as_full_screen_section=\u00a0\u00bbno\u00a0\u00bb type=\u00a0\u00bbfull_width\u00a0\u00bb angled_section=\u00a0\u00bbno\u00a0\u00bb text_align=\u00a0\u00bbleft\u00a0\u00bb background_image_as_pattern=\u00a0\u00bbwithout_pattern\u00a0\u00bb][vc_column][vc_raw_html]JTVCd3BnbXphJTIwaWQlM0QlMjIxJTIyJTVE[\/vc_raw_html][\/vc_column][\/vc_row][vc_row css_animation=\u00a0\u00bb\u00a0\u00bb row_type=\u00a0\u00bbrow\u00a0\u00bb use_row_as_full_screen_section=\u00a0\u00bbno\u00a0\u00bb type=\u00a0\u00bbgrid\u00a0\u00bb angled_section=\u00a0\u00bbno\u00a0\u00bb text_align=\u00a0\u00bbleft\u00a0\u00bb background_image_as_pattern=\u00a0\u00bbwithout_pattern\u00a0\u00bb z_index=\u00a0\u00bb\u00a0\u00bb padding_top=\u00a0\u00bb50&Prime; padding_bottom=\u00a0\u00bb50&Prime;][vc_column][vc_column_text] Situation [\/vc_column_text][vc_empty_space height=\u00a0\u00bb20px\u00a0\u00bb][vc_column_text] L\u2019H\u00f4tel San Cassiano de Venise est situ\u00e9 dans le quartier typique de Santa Croce et b\u00e9n\u00e9ficie d\u2019une vue imprenable sur le Grand Canal. \u00c0&#8230;<\/p>\n","protected":false},"author":1,"featured_media":0,"parent":0,"menu_order":0,"comment_status":"closed","ping_status":"closed","template":"full_width.php","meta":{"footnotes":""},"class_list":["post-214","page","type-page","status-publish","hentry"],"_links":{"self":[{"href":"https:\/\/www.sancassiano.it\/fr\/wp-json\/wp\/v2\/pages\/214","targetHints":{"allow":["GET"]}}],"collection":[{"href":"https:\/\/www.sancassiano.it\/fr\/wp-json\/wp\/v2\/pages"}],"about":[{"href":"https:\/\/www.sancassiano.it\/fr\/wp-json\/wp\/v2\/types\/page"}],"author":[{"embeddable":true,"href":"https:\/\/www.sancassiano.it\/fr\/wp-json\/wp\/v2\/users\/1"}],"replies":[{"embeddable":true,"href":"https:\/\/www.sancassiano.it\/fr\/wp-json\/wp\/v2\/comments?post=214"}],"version-history":[{"count":4,"href":"https:\/\/www.sancassiano.it\/fr\/wp-json\/wp\/v2\/pages\/214\/revisions"}],"predecessor-version":[{"id":287,"href":"https:\/\/www.sancassiano.it\/fr\/wp-json\/wp\/v2\/pages\/214\/revisions\/287"}],"wp:attachment":[{"href":"https:\/\/www.sancassiano.it\/fr\/wp-json\/wp\/v2\/media?parent=214"}],"curies":[{"name":"wp","href":"https:\/\/api.w.org\/{rel}","templated":true}]}}