{"id":205,"date":"2020-12-22T18:56:58","date_gmt":"2020-12-22T17:56:58","guid":{"rendered":"http:\/\/www.sancassiano.it\/?page_id=205"},"modified":"2024-11-13T17:52:40","modified_gmt":"2024-11-13T16:52:40","slug":"f-a-q","status":"publish","type":"page","link":"https:\/\/www.sancassiano.it\/fr\/f-a-q\/","title":{"rendered":"F.A.Q."},"content":{"rendered":"<div class=\"wpb-content-wrapper\"><p>[vc_row css_animation=\u00a0\u00bb\u00a0\u00bb row_type=\u00a0\u00bbrow\u00a0\u00bb use_row_as_full_screen_section=\u00a0\u00bbno\u00a0\u00bb type=\u00a0\u00bbfull_width\u00a0\u00bb angled_section=\u00a0\u00bbno\u00a0\u00bb text_align=\u00a0\u00bbleft\u00a0\u00bb background_image_as_pattern=\u00a0\u00bbwithout_pattern\u00a0\u00bb][vc_column]\n\t\t\t<!-- START Camere REVOLUTION SLIDER 6.6.18 --><p class=\"rs-p-wp-fix\"><\/p>\n\t\t\t<rs-module-wrap id=\"rev_slider_3_1_wrapper\" data-source=\"gallery\" style=\"visibility:hidden;background:transparent;padding:0;margin:0px auto;margin-top:0;margin-bottom:0;\">\n\t\t\t\t<rs-module id=\"rev_slider_3_1\" style=\"\" data-version=\"6.6.18\">\n\t\t\t\t\t<rs-slides style=\"overflow: hidden; position: absolute;\">\n\t\t\t\t\t\t<rs-slide style=\"position: absolute;\" data-key=\"rs-5\" data-title=\"Slide\" data-anim=\"ms:1000;r:0;\" data-in=\"o:0;\" data-out=\"a:false;\">\n\t\t\t\t\t\t\t<img decoding=\"async\" src=\"\/\/www.sancassiano.it\/wp-content\/plugins\/revslider\/public\/assets\/assets\/dummy.png\" alt=\"\" title=\"San-Cassiano-27\" width=\"1920\" height=\"1280\" class=\"rev-slidebg tp-rs-img rs-lazyload\" data-lazyload=\"\/\/www.sancassiano.it\/wp-content\/uploads\/2019\/11\/San-Cassiano-27.jpg\" data-no-retina>\n<!---->\t\t\t\t\t\t<\/rs-slide>\n\t\t\t\t\t<\/rs-slides>\n\t\t\t\t<\/rs-module>\n\t\t\t\t<script>\n\t\t\t\t\tsetREVStartSize({c: 'rev_slider_3_1',rl:[1240,1024,778,480],el:[700],gw:[500],gh:[700],type:'standard',justify:'',layout:'fullwidth',mh:\"0\"});if (window.RS_MODULES!==undefined && window.RS_MODULES.modules!==undefined && window.RS_MODULES.modules[\"revslider31\"]!==undefined) {window.RS_MODULES.modules[\"revslider31\"].once = false;window.revapi3 = undefined;if (window.RS_MODULES.checkMinimal!==undefined) window.RS_MODULES.checkMinimal()}\n\t\t\t\t<\/script>\n\t\t\t<\/rs-module-wrap>\n\t\t\t<!-- END REVOLUTION SLIDER -->\n[\/vc_column][\/vc_row][vc_row css_animation=\u00a0\u00bb\u00a0\u00bb row_type=\u00a0\u00bbrow\u00a0\u00bb use_row_as_full_screen_section=\u00a0\u00bbno\u00a0\u00bb type=\u00a0\u00bbgrid\u00a0\u00bb angled_section=\u00a0\u00bbno\u00a0\u00bb text_align=\u00a0\u00bbleft\u00a0\u00bb background_image_as_pattern=\u00a0\u00bbwithout_pattern\u00a0\u00bb z_index=\u00a0\u00bb\u00a0\u00bb padding_top=\u00a0\u00bb50&Prime; padding_bottom=\u00a0\u00bb50&Prime;][vc_column][vc_column_text]<\/p>\n<h1 style=\"text-align: center;\">Questions Fr\u00e9quentes<\/h1>\n<p>[\/vc_column_text][\/vc_column][\/vc_row][vc_row css_animation=\u00a0\u00bb\u00a0\u00bb row_type=\u00a0\u00bbrow\u00a0\u00bb use_row_as_full_screen_section=\u00a0\u00bbno\u00a0\u00bb type=\u00a0\u00bbfull_width\u00a0\u00bb angled_section=\u00a0\u00bbno\u00a0\u00bb text_align=\u00a0\u00bbleft\u00a0\u00bb background_image_as_pattern=\u00a0\u00bbwithout_pattern\u00a0\u00bb z_index=\u00a0\u00bb\u00a0\u00bb padding_bottom=\u00a0\u00bb60&Prime;][vc_column]<div class=\"qode-accordion-holder clearfix qode-toggle qode-initial \">\n\t<h4 class=\"clearfix qode-title-holder\">\n<span class=\"qode-tab-title\">\n\t    <span class=\"qode-tab-title-inner\">\n        Comment nous joindre?    <\/span>\n<\/span>\n<span class=\"qode-accordion-mark\">\n    <span class=\"qode-accordion-mark-icon\">\n        <span class=\"icon_plus\"><\/span>\n        <span class=\"icon_minus-06\"><\/span>\n    <\/span>\n<\/span>\n<\/h4>\n<div  class=\"qode-accordion-content \" >\n    <div class=\"qode-accordion-content-inner\">\n        [vc_column_text]<strong>En train<\/strong> | Depuis la gare Venise Santa Lucia, vous pouvez prendre un bateau-taxi directement jusqu\u2019\u00e0 l\u2019H\u00f4tel ou le vaporetto ACTV ligne 1 jusqu\u2019\u00e0 l\u2019arr\u00eat San Stae. L\u2019h\u00f4tel est \u00e0 cinq minutes \u00e0 pied de l\u2019embarcad\u00e8re.<\/p>\n<p><strong>En voiture<\/strong> | Depuis le terminal de voitures de Piazzale Roma, vous pouvez rejoindre l\u2019H\u00f4tel en bateau-taxi ou en vaporetto ACTV ligne 1 jusqu\u2019\u00e0 l\u2019arr\u00eat San Stae. De Tronchetto, prenez le vaporetto ACTV ligne 2 jusqu\u2019\u00e0 Piazzale Roma, puis la ligne 1 d\u2019ACTV jusqu\u2019\u00e0 l\u2019arr\u00eat San Stae. L\u2019h\u00f4tel est \u00e0 cinq minutes \u00e0 pied de l\u2019embarcad\u00e8re.<\/p>\n<p><strong>En avion<\/strong> | De l\u2019a\u00e9roport de Venise Marco Polo, vous pouvez rejoindre l\u2019H\u00f4tel en bateau-taxi jusqu\u2019\u00e0 notre ponton priv\u00e9, ou prendre la navette Alilaguna ligne orange jusqu\u2019\u00e0 l\u2019arr\u00eat San Stae. L\u2019h\u00f4tel est \u00e0 cinq minutes \u00e0 pied de l\u2019embarcad\u00e8re.<\/p>\n<p>Sinon, prenez le vaporetto ACTV ligne 2 jusqu\u2019\u00e0 Piazzale Roma, puis la ligne 1 d\u2019ACTV jusqu\u2019\u00e0 l\u2019arr\u00eat San Stae. L\u2019h\u00f4tel est \u00e0 cinq minutes \u00e0 pied de l\u2019embarcad\u00e8re.[\/vc_column_text]    <\/div>\n<\/div><h4 class=\"clearfix qode-title-holder\">\n<span class=\"qode-tab-title\">\n\t    <span class=\"qode-tab-title-inner\">\n        O\u00f9 puis-je me restaurer?    <\/span>\n<\/span>\n<span class=\"qode-accordion-mark\">\n    <span class=\"qode-accordion-mark-icon\">\n        <span class=\"icon_plus\"><\/span>\n        <span class=\"icon_minus-06\"><\/span>\n    <\/span>\n<\/span>\n<\/h4>\n<div  class=\"qode-accordion-content \" >\n    <div class=\"qode-accordion-content-inner\">\n        [vc_column_text]L&rsquo;h\u00f4tel San Cassiano se trouve \u00e0 proximit\u00e9 de trois bons restaurants tels que Nono Risorto, Regina Sconta, Muro San Stae.<\/p>\n<p>Vous trouverez \u00e9galement \u00e0 proximit\u00e9 une sup\u00e9rette bio, une excellente boulangerie typique et un supermarch\u00e9.[\/vc_column_text]    <\/div>\n<\/div><h4 class=\"clearfix qode-title-holder\">\n<span class=\"qode-tab-title\">\n\t    <span class=\"qode-tab-title-inner\">\n        Que voir dans le quartier ?    <\/span>\n<\/span>\n<span class=\"qode-accordion-mark\">\n    <span class=\"qode-accordion-mark-icon\">\n        <span class=\"icon_plus\"><\/span>\n        <span class=\"icon_minus-06\"><\/span>\n    <\/span>\n<\/span>\n<\/h4>\n<div  class=\"qode-accordion-content \" >\n    <div class=\"qode-accordion-content-inner\">\n        [vc_column_text]Notre r\u00e9ception, ouverte 24h\/24, vous aidera \u00e0 organiser des visites des mus\u00e9es situ\u00e9s \u00e0 proximit\u00e9 : la Ca &lsquo;Pesaro, une galerie internationale d&rsquo;art moderne ; le Palais Mocenigo, le mus\u00e9e consacr\u00e9 aux tissus, costumes et parfums v\u00e9nitiens ; la Fondation Prada, qui accueille des expositions priv\u00e9es sophistiqu\u00e9es et des \u00e9v\u00e9nements prestigieux.<\/p>\n<p>Ne manquez pas non plus le march\u00e9 aux poissons du Rialto, lieu par excellence pour vous plonger dans l\u2019atmosph\u00e8re d\u2019antan (ferm\u00e9 le lundi).[\/vc_column_text]    <\/div>\n<\/div><h4 class=\"clearfix qode-title-holder\">\n<span class=\"qode-tab-title\">\n\t    <span class=\"qode-tab-title-inner\">\n        Comment se rendre rapidement \u00e0 l\u2019a\u00e9roport ?    <\/span>\n<\/span>\n<span class=\"qode-accordion-mark\">\n    <span class=\"qode-accordion-mark-icon\">\n        <span class=\"icon_plus\"><\/span>\n        <span class=\"icon_minus-06\"><\/span>\n    <\/span>\n<\/span>\n<\/h4>\n<div  class=\"qode-accordion-content \" >\n    <div class=\"qode-accordion-content-inner\">\n        [vc_column_text]Le bateau-taxi rejoint l\u2019a\u00e9roport Marco Polo en seulement 25 minutes au prix de 140 \u20ac pour un maximum de 4 personnes, bagages compris. L\u2019H\u00f4tel San Cassiano propose un amarrage priv\u00e9 et notre personnel se fera un plaisir de vous aider avec vos bagages.[\/vc_column_text]    <\/div>\n<\/div><h4 class=\"clearfix qode-title-holder\">\n<span class=\"qode-tab-title\">\n\t    <span class=\"qode-tab-title-inner\">\n        Comment se rendre \u00e0 l\u2019a\u00e9roport de mani\u00e8re \u00e9conomique ?    <\/span>\n<\/span>\n<span class=\"qode-accordion-mark\">\n    <span class=\"qode-accordion-mark-icon\">\n        <span class=\"icon_plus\"><\/span>\n        <span class=\"icon_minus-06\"><\/span>\n    <\/span>\n<\/span>\n<\/h4>\n<div  class=\"qode-accordion-content \" >\n    <div class=\"qode-accordion-content-inner\">\n        [vc_column_text]La ligne de navigation Orange d\u2019Alilaguna part du d\u00e9barcad\u00e8re de San Stae \u00e0 seulement 5 minutes de l\u2019H\u00f4tel San Cassiano et rejoint l\u2019a\u00e9roport en environ 50 minutes. Le trajet co\u00fbte 15 \u20ac par personne, bagages compris.[\/vc_column_text]    <\/div>\n<\/div><h4 class=\"clearfix qode-title-holder\">\n<span class=\"qode-tab-title\">\n\t    <span class=\"qode-tab-title-inner\">\n        Quels sont les horaires d\u2019arriv\u00e9e\/d\u00e9part?    <\/span>\n<\/span>\n<span class=\"qode-accordion-mark\">\n    <span class=\"qode-accordion-mark-icon\">\n        <span class=\"icon_plus\"><\/span>\n        <span class=\"icon_minus-06\"><\/span>\n    <\/span>\n<\/span>\n<\/h4>\n<div  class=\"qode-accordion-content \" >\n    <div class=\"qode-accordion-content-inner\">\n        [vc_column_text]L\u2019enregistrement s\u2019effectue \u00e0 partir de 14h00 et le d\u00e9part avant 11h30.<br \/>\nNotre r\u00e9ception ouverte 24h\/24 peut stocker vos bagages gratuitement pour vous faire d\u00e9couvrir Venise avant m\u00eame l\u2019enregistrement ou apr\u00e8s le d\u00e9part.[\/vc_column_text]    <\/div>\n<\/div><h4 class=\"clearfix qode-title-holder\">\n<span class=\"qode-tab-title\">\n\t    <span class=\"qode-tab-title-inner\">\n        Que comprend le petit d\u00e9jeuner ?    <\/span>\n<\/span>\n<span class=\"qode-accordion-mark\">\n    <span class=\"qode-accordion-mark-icon\">\n        <span class=\"icon_plus\"><\/span>\n        <span class=\"icon_minus-06\"><\/span>\n    <\/span>\n<\/span>\n<\/h4>\n<div  class=\"qode-accordion-content \" >\n    <div class=\"qode-accordion-content-inner\">\n        [vc_column_text]Le tarif avec petit d\u00e9jeuner comprend un d\u00e9licieux petit d\u00e9jeuner continental avec un buffet compos\u00e9 de mets chauds et froids, sucr\u00e9s et sal\u00e9s, avec la possibilit\u00e9 de commander des plats sans gluten. Il est servi tous les jours de 7h30 \u00e0 10h00 au 2e \u00e9tage de l\u2019H\u00f4tel d\u2019o\u00f9 l\u2019on profite d\u2019une vue imprenable sur le Grand Canal.[\/vc_column_text]    <\/div>\n<\/div><h4 class=\"clearfix qode-title-holder\">\n<span class=\"qode-tab-title\">\n\t    <span class=\"qode-tab-title-inner\">\n        Y a-t-il des bouilloires dans la chambre ?    <\/span>\n<\/span>\n<span class=\"qode-accordion-mark\">\n    <span class=\"qode-accordion-mark-icon\">\n        <span class=\"icon_plus\"><\/span>\n        <span class=\"icon_minus-06\"><\/span>\n    <\/span>\n<\/span>\n<\/h4>\n<div  class=\"qode-accordion-content \" >\n    <div class=\"qode-accordion-content-inner\">\n        [vc_column_text]Dans chaque chambre il y a une bouilloire pour faire du caf\u00e9 et du th\u00e9.[\/vc_column_text]    <\/div>\n<\/div><\/div>[\/vc_column][\/vc_row]<\/p>\n<\/div>","protected":false},"excerpt":{"rendered":"<p>[vc_row css_animation=\u00a0\u00bb\u00a0\u00bb row_type=\u00a0\u00bbrow\u00a0\u00bb use_row_as_full_screen_section=\u00a0\u00bbno\u00a0\u00bb type=\u00a0\u00bbfull_width\u00a0\u00bb angled_section=\u00a0\u00bbno\u00a0\u00bb text_align=\u00a0\u00bbleft\u00a0\u00bb background_image_as_pattern=\u00a0\u00bbwithout_pattern\u00a0\u00bb][vc_column][\/vc_column][\/vc_row][vc_row css_animation=\u00a0\u00bb\u00a0\u00bb row_type=\u00a0\u00bbrow\u00a0\u00bb use_row_as_full_screen_section=\u00a0\u00bbno\u00a0\u00bb type=\u00a0\u00bbgrid\u00a0\u00bb angled_section=\u00a0\u00bbno\u00a0\u00bb text_align=\u00a0\u00bbleft\u00a0\u00bb background_image_as_pattern=\u00a0\u00bbwithout_pattern\u00a0\u00bb z_index=\u00a0\u00bb\u00a0\u00bb padding_top=\u00a0\u00bb50&Prime; padding_bottom=\u00a0\u00bb50&Prime;][vc_column][vc_column_text] Questions Fr\u00e9quentes [\/vc_column_text][\/vc_column][\/vc_row][vc_row css_animation=\u00a0\u00bb\u00a0\u00bb row_type=\u00a0\u00bbrow\u00a0\u00bb use_row_as_full_screen_section=\u00a0\u00bbno\u00a0\u00bb type=\u00a0\u00bbfull_width\u00a0\u00bb angled_section=\u00a0\u00bbno\u00a0\u00bb text_align=\u00a0\u00bbleft\u00a0\u00bb background_image_as_pattern=\u00a0\u00bbwithout_pattern\u00a0\u00bb z_index=\u00a0\u00bb\u00a0\u00bb padding_bottom=\u00a0\u00bb60&Prime;][vc_column][\/vc_column][\/vc_row]<\/p>\n","protected":false},"author":1,"featured_media":0,"parent":0,"menu_order":0,"comment_status":"closed","ping_status":"closed","template":"","meta":{"footnotes":""},"class_list":["post-205","page","type-page","status-publish","hentry"],"_links":{"self":[{"href":"https:\/\/www.sancassiano.it\/fr\/wp-json\/wp\/v2\/pages\/205","targetHints":{"allow":["GET"]}}],"collection":[{"href":"https:\/\/www.sancassiano.it\/fr\/wp-json\/wp\/v2\/pages"}],"about":[{"href":"https:\/\/www.sancassiano.it\/fr\/wp-json\/wp\/v2\/types\/page"}],"author":[{"embeddable":true,"href":"https:\/\/www.sancassiano.it\/fr\/wp-json\/wp\/v2\/users\/1"}],"replies":[{"embeddable":true,"href":"https:\/\/www.sancassiano.it\/fr\/wp-json\/wp\/v2\/comments?post=205"}],"version-history":[{"count":3,"href":"https:\/\/www.sancassiano.it\/fr\/wp-json\/wp\/v2\/pages\/205\/revisions"}],"predecessor-version":[{"id":1028,"href":"https:\/\/www.sancassiano.it\/fr\/wp-json\/wp\/v2\/pages\/205\/revisions\/1028"}],"wp:attachment":[{"href":"https:\/\/www.sancassiano.it\/fr\/wp-json\/wp\/v2\/media?parent=205"}],"curies":[{"name":"wp","href":"https:\/\/api.w.org\/{rel}","templated":true}]}}