{"id":242,"date":"2020-12-23T16:18:48","date_gmt":"2020-12-23T15:18:48","guid":{"rendered":"http:\/\/www.sancassiano.it\/?page_id=242"},"modified":"2020-12-23T16:59:30","modified_gmt":"2020-12-23T15:59:30","slug":"ubicacion","status":"publish","type":"page","link":"https:\/\/www.sancassiano.it\/es\/ubicacion\/","title":{"rendered":"Ubicaci\u00f3n"},"content":{"rendered":"<div class=\"wpb-content-wrapper\"><p>[vc_row css_animation=\u00bb\u00bb row_type=\u00bbrow\u00bb use_row_as_full_screen_section=\u00bbno\u00bb type=\u00bbfull_width\u00bb angled_section=\u00bbno\u00bb text_align=\u00bbleft\u00bb background_image_as_pattern=\u00bbwithout_pattern\u00bb][vc_column][vc_raw_html]JTVCd3BnbXphJTIwaWQlM0QlMjIxJTIyJTVE[\/vc_raw_html][\/vc_column][\/vc_row][vc_row css_animation=\u00bb\u00bb row_type=\u00bbrow\u00bb use_row_as_full_screen_section=\u00bbno\u00bb type=\u00bbgrid\u00bb angled_section=\u00bbno\u00bb text_align=\u00bbleft\u00bb background_image_as_pattern=\u00bbwithout_pattern\u00bb z_index=\u00bb\u00bb padding_top=\u00bb50&#8243; padding_bottom=\u00bb50&#8243;][vc_column][vc_column_text]<\/p>\n<h1 style=\"text-align: center;\">Ubicaci\u00f3n<\/h1>\n<p>[\/vc_column_text][vc_empty_space height=\u00bb20px\u00bb][vc_column_text]<\/p>\n<p style=\"text-align: center;\">\u00a0El Hotel San Cassiano de Venecia se encuentra en el caracter\u00edstico distrito de Santa Croce y disfruta de unas vistas impresionantes del Gran Canal.<\/p>\n<p style=\"text-align: center;\">A tan solo 5 minutos de Rialto, Ca\u2019 Favretto se encuentra a un breve paseo de Ca\u2019 Pesaro, la galer\u00eda internacional de arte moderno; del Palacio Mocenigo, el museo de tejidos, disfraces y perfumes venecianos; la Fundaci\u00f3n Prada, sede de codiciadas exposiciones privadas y prestigiosos eventos, y a un cuarto de hora de la encantadora Plaza de San Marcos, su bas\u00edlica y el famoso campanario.<\/p>\n<p style=\"text-align: center;\">El Hotel San Cassiano est\u00e1 a solo 5 minutos a pie del embarcadero del \u00abvaporetto\u00bb. Desde la parada San Stae, a escasos metros de nuestro hotel, parten las principales l\u00edneas de navegaci\u00f3n para llegar a los atractivos m\u00e1s destacados de Venecia.<\/p>\n<p>[\/vc_column_text][\/vc_column][\/vc_row][vc_row css_animation=\u00bb\u00bb row_type=\u00bbrow\u00bb use_row_as_full_screen_section=\u00bbno\u00bb type=\u00bbgrid\u00bb angled_section=\u00bbno\u00bb text_align=\u00bbleft\u00bb background_image_as_pattern=\u00bbwithout_pattern\u00bb anchor=\u00bb#come-raggiungere\u00bb padding_top=\u00bb30&#8243; padding_bottom=\u00bb30&#8243;][vc_column][vc_column_text]<\/p>\n<h2>C\u00f3mo encontrarnos<\/h2>\n<p>[\/vc_column_text][\/vc_column][\/vc_row][vc_row css_animation=\u00bb\u00bb row_type=\u00bbrow\u00bb use_row_as_full_screen_section=\u00bbno\u00bb type=\u00bbgrid\u00bb angled_section=\u00bbno\u00bb text_align=\u00bbleft\u00bb background_image_as_pattern=\u00bbwithout_pattern\u00bb padding_top=\u00bb30&#8243; padding_bottom=\u00bb30&#8243; z_index=\u00bb\u00bb][vc_column width=\u00bb1\/6&#8243;]<span data-type=\"circle\" data-hover-bg-color=\"#ac9460\" data-hover-icon-color=\"#ffffff\" class=\"qode_icon_shortcode fa-stack q_font_awsome_icon_stack fa-4x pull-center \" style=\"font-size: 40px;font-size: 50px; \"><i class=\"fa fa-circle fa-stack-base fa-stack-2x\" style=\"color: #ac9460;\"><\/i><i class=\"qode_icon_font_awesome fa fa-train qode_icon_element fa-stack-1x\" style=\"font-size: 40px;color: #ffffff;\" ><\/i><\/span>[\/vc_column][vc_column width=\u00bb5\/6&#8243;][vc_empty_space height=\u00bb5px\u00bb][vc_column_text]<\/p>\n<h3>En tren<\/h3>\n<p>[\/vc_column_text][vc_empty_space height=\u00bb15px\u00bb][vc_column_text]Desde la estaci\u00f3n de tren de Venecia Santa Lucia, en taxi acu\u00e1tico directamente al hotel, as\u00ed como el \u00abvaporetto\u00bb de la l\u00ednea 1 de ACTV hasta la parada de San Stae. El hotel se encuentra a cinco minutos a pie del embarcadero.[\/vc_column_text][\/vc_column][\/vc_row][vc_row css_animation=\u00bb\u00bb row_type=\u00bbrow\u00bb use_row_as_full_screen_section=\u00bbno\u00bb type=\u00bbgrid\u00bb angled_section=\u00bbno\u00bb text_align=\u00bbleft\u00bb background_image_as_pattern=\u00bbwithout_pattern\u00bb padding_bottom=\u00bb30&#8243;][vc_column width=\u00bb1\/6&#8243;]<span data-type=\"circle\" data-hover-bg-color=\"#ac9460\" data-hover-icon-color=\"#ffffff\" class=\"qode_icon_shortcode fa-stack q_font_awsome_icon_stack fa-4x pull-center \" style=\"font-size: 40px;font-size: 50px; \"><i class=\"fa fa-circle fa-stack-base fa-stack-2x\" style=\"color: #ac9460;\"><\/i><i class=\"qode_icon_font_awesome fa fa-plane qode_icon_element fa-stack-1x\" style=\"font-size: 40px;color: #ffffff;\" ><\/i><\/span>[\/vc_column][vc_column width=\u00bb5\/6&#8243;][vc_empty_space height=\u00bb5px\u00bb][vc_column_text]<\/p>\n<h3>En coche<\/h3>\n<p>[\/vc_column_text][vc_empty_space height=\u00bb15px\u00bb][vc_column_text]Desde la terminal de autom\u00f3viles de Piazzale Roma, se puede llegar al hotel en taxi acu\u00e1tico o en el \u00abvaporetto\u00bb de la l\u00ednea 1 de ACTV hasta la parada de San Stae. Desde Tronchetto, el \u00abvaporetto\u00bb de la l\u00ednea 2 de ACTV hasta P.le Roma y luego la l\u00ednea 1 de ACTV hasta la parada de San Stae. El hotel se encuentra a cinco minutos a pie del embarcadero.[\/vc_column_text][\/vc_column][\/vc_row][vc_row css_animation=\u00bb\u00bb row_type=\u00bbrow\u00bb use_row_as_full_screen_section=\u00bbno\u00bb type=\u00bbgrid\u00bb angled_section=\u00bbno\u00bb text_align=\u00bbleft\u00bb background_image_as_pattern=\u00bbwithout_pattern\u00bb padding_top=\u00bb30&#8243; padding_bottom=\u00bb30&#8243; z_index=\u00bb\u00bb][vc_column width=\u00bb1\/6&#8243;]<span data-type=\"circle\" data-hover-bg-color=\"#ac9460\" data-hover-icon-color=\"#ffffff\" class=\"qode_icon_shortcode fa-stack q_font_awsome_icon_stack fa-4x pull-center \" style=\"font-size: 40px;font-size: 50px; \"><i class=\"fa fa-circle fa-stack-base fa-stack-2x\" style=\"color: #ac9460;\"><\/i><i class=\"qode_icon_font_awesome fa fa-car qode_icon_element fa-stack-1x\" style=\"font-size: 40px;color: #ffffff;\" ><\/i><\/span>[\/vc_column][vc_column width=\u00bb5\/6&#8243;][vc_empty_space height=\u00bb5px\u00bb][vc_column_text]<\/p>\n<h3>En avi\u00f3n<\/h3>\n<p>[\/vc_column_text][vc_empty_space height=\u00bb15px\u00bb][vc_column_text]Desde el aeropuerto Marco Polo de Venecia, se puede llegar al hotel en taxi acu\u00e1tico hasta nuestro embarcadero privado o mediante la l\u00ednea naranja del transporte Alilaguna hasta la parada de San Stae. El hotel se encuentra a cinco minutos de la parada.<\/p>\n<p>Otra opci\u00f3n es la l\u00ednea 5 del autob\u00fas ACTV hasta P.le Roma y, desde ah\u00ed, el \u00abvaporetto\u00bb ACTV l\u00ednea 1 hasta la parada San Stae. El hotel se encuentra a cinco minutos de la parada.[\/vc_column_text][\/vc_column][\/vc_row][vc_row css_animation=\u00bb\u00bb row_type=\u00bbrow\u00bb use_row_as_full_screen_section=\u00bbno\u00bb type=\u00bbfull_width\u00bb angled_section=\u00bbno\u00bb text_align=\u00bbleft\u00bb background_image_as_pattern=\u00bbwithout_pattern\u00bb padding_top=\u00bb30&#8243; z_index=\u00bb\u00bb][vc_column]<div class=\"call_to_action with_icon\" style=\"background-color: #ac9460;padding-top: 50px;padding-bottom: 50px;\"><div class=\"container_inner\"><div class=\"two_columns_75_25 clearfix\"><div class=\"text_wrapper column1\"><div class=\"call_to_action_icon_holder\"><div class=\"call_to_action_icon\"><div class=\"call_to_action_icon_inner\"><i class='fa fa-file-pdf-o pull-left . fa-3x'><\/i><\/div><\/div><\/div><div class=\"call_to_action_text  font_size_inherit font_weight_inherit\" style=\"font-size:26px;font-weight: 400;\">\n<p style=\"text-align: center;\"><span style=\"color: #ffffff;\"><strong>Descarga el mapa en PDF<\/strong><\/span><\/p>\n<\/div><\/div><div class=\"button_wrapper column2\"><a itemprop=\"url\" href=\"https:\/\/www.sancassiano.it\/wp-content\/uploads\/2020\/12\/map_es.pdf\" class=\"qbutton white large\" target=\"_blank\" style=\"background-color: #aaa185;\"data-hover-background-color=#aaa185 >Download<\/a><\/div><\/div><\/div><\/div>[\/vc_column][\/vc_row]<\/p>\n<\/div>","protected":false},"excerpt":{"rendered":"<p>[vc_row css_animation=\u00bb\u00bb row_type=\u00bbrow\u00bb use_row_as_full_screen_section=\u00bbno\u00bb type=\u00bbfull_width\u00bb angled_section=\u00bbno\u00bb text_align=\u00bbleft\u00bb background_image_as_pattern=\u00bbwithout_pattern\u00bb][vc_column][vc_raw_html]JTVCd3BnbXphJTIwaWQlM0QlMjIxJTIyJTVE[\/vc_raw_html][\/vc_column][\/vc_row][vc_row css_animation=\u00bb\u00bb row_type=\u00bbrow\u00bb use_row_as_full_screen_section=\u00bbno\u00bb type=\u00bbgrid\u00bb angled_section=\u00bbno\u00bb text_align=\u00bbleft\u00bb background_image_as_pattern=\u00bbwithout_pattern\u00bb z_index=\u00bb\u00bb padding_top=\u00bb50&#8243; padding_bottom=\u00bb50&#8243;][vc_column][vc_column_text] Ubicaci\u00f3n [\/vc_column_text][vc_empty_space height=\u00bb20px\u00bb][vc_column_text] \u00a0El Hotel San Cassiano de Venecia se encuentra en el caracter\u00edstico distrito de Santa Croce y disfruta de unas vistas impresionantes del Gran Canal&#8230;.<\/p>\n","protected":false},"author":1,"featured_media":0,"parent":0,"menu_order":0,"comment_status":"closed","ping_status":"closed","template":"full_width.php","meta":{"footnotes":""},"class_list":["post-242","page","type-page","status-publish","hentry"],"_links":{"self":[{"href":"https:\/\/www.sancassiano.it\/es\/wp-json\/wp\/v2\/pages\/242","targetHints":{"allow":["GET"]}}],"collection":[{"href":"https:\/\/www.sancassiano.it\/es\/wp-json\/wp\/v2\/pages"}],"about":[{"href":"https:\/\/www.sancassiano.it\/es\/wp-json\/wp\/v2\/types\/page"}],"author":[{"embeddable":true,"href":"https:\/\/www.sancassiano.it\/es\/wp-json\/wp\/v2\/users\/1"}],"replies":[{"embeddable":true,"href":"https:\/\/www.sancassiano.it\/es\/wp-json\/wp\/v2\/comments?post=242"}],"version-history":[{"count":3,"href":"https:\/\/www.sancassiano.it\/es\/wp-json\/wp\/v2\/pages\/242\/revisions"}],"predecessor-version":[{"id":289,"href":"https:\/\/www.sancassiano.it\/es\/wp-json\/wp\/v2\/pages\/242\/revisions\/289"}],"wp:attachment":[{"href":"https:\/\/www.sancassiano.it\/es\/wp-json\/wp\/v2\/media?parent=242"}],"curies":[{"name":"wp","href":"https:\/\/api.w.org\/{rel}","templated":true}]}}