{"id":239,"date":"2020-12-23T16:15:26","date_gmt":"2020-12-23T15:15:26","guid":{"rendered":"http:\/\/www.sancassiano.it\/?page_id=239"},"modified":"2026-02-06T16:40:45","modified_gmt":"2026-02-06T15:40:45","slug":"habitaciones","status":"publish","type":"page","link":"https:\/\/www.sancassiano.it\/es\/habitaciones\/","title":{"rendered":"Habitaciones"},"content":{"rendered":"<div class=\"wpb-content-wrapper\"><p>[vc_row css_animation=\u00bb\u00bb row_type=\u00bbrow\u00bb use_row_as_full_screen_section=\u00bbno\u00bb type=\u00bbfull_width\u00bb angled_section=\u00bbno\u00bb text_align=\u00bbleft\u00bb background_image_as_pattern=\u00bbwithout_pattern\u00bb][vc_column]\n\t\t\t<!-- START Camere REVOLUTION SLIDER 6.6.18 --><p class=\"rs-p-wp-fix\"><\/p>\n\t\t\t<rs-module-wrap id=\"rev_slider_3_1_wrapper\" data-source=\"gallery\" style=\"visibility:hidden;background:transparent;padding:0;margin:0px auto;margin-top:0;margin-bottom:0;\">\n\t\t\t\t<rs-module id=\"rev_slider_3_1\" style=\"\" data-version=\"6.6.18\">\n\t\t\t\t\t<rs-slides style=\"overflow: hidden; position: absolute;\">\n\t\t\t\t\t\t<rs-slide style=\"position: absolute;\" data-key=\"rs-5\" data-title=\"Slide\" data-anim=\"ms:1000;r:0;\" data-in=\"o:0;\" data-out=\"a:false;\">\n\t\t\t\t\t\t\t<img decoding=\"async\" src=\"\/\/www.sancassiano.it\/wp-content\/plugins\/revslider\/public\/assets\/assets\/dummy.png\" alt=\"\" title=\"San-Cassiano-27\" width=\"1920\" height=\"1280\" class=\"rev-slidebg tp-rs-img rs-lazyload\" data-lazyload=\"\/\/www.sancassiano.it\/wp-content\/uploads\/2019\/11\/San-Cassiano-27.jpg\" data-no-retina>\n<!---->\t\t\t\t\t\t<\/rs-slide>\n\t\t\t\t\t<\/rs-slides>\n\t\t\t\t<\/rs-module>\n\t\t\t\t<script>\n\t\t\t\t\tsetREVStartSize({c: 'rev_slider_3_1',rl:[1240,1024,778,480],el:[700],gw:[500],gh:[700],type:'standard',justify:'',layout:'fullwidth',mh:\"0\"});if (window.RS_MODULES!==undefined && window.RS_MODULES.modules!==undefined && window.RS_MODULES.modules[\"revslider31\"]!==undefined) {window.RS_MODULES.modules[\"revslider31\"].once = false;window.revapi3 = undefined;if (window.RS_MODULES.checkMinimal!==undefined) window.RS_MODULES.checkMinimal()}\n\t\t\t\t<\/script>\n\t\t\t<\/rs-module-wrap>\n\t\t\t<!-- END REVOLUTION SLIDER -->\n[\/vc_column][\/vc_row][vc_row css_animation=\u00bb\u00bb row_type=\u00bbrow\u00bb use_row_as_full_screen_section=\u00bbno\u00bb type=\u00bbgrid\u00bb angled_section=\u00bbno\u00bb text_align=\u00bbleft\u00bb background_image_as_pattern=\u00bbwithout_pattern\u00bb z_index=\u00bb\u00bb padding_top=\u00bb50&#8243; padding_bottom=\u00bb50&#8243;][vc_column][vc_column_text]<\/p>\n<h1 style=\"text-align: center;\">Habitaciones<\/h1>\n<p>[\/vc_column_text][\/vc_column][\/vc_row][vc_row css_animation=\u00bb\u00bb row_type=\u00bbrow\u00bb use_row_as_full_screen_section=\u00bbno\u00bb type=\u00bbgrid\u00bb angled_section=\u00bbno\u00bb text_align=\u00bbleft\u00bb background_image_as_pattern=\u00bbwithout_pattern\u00bb padding_bottom=\u00bb40&#8243; z_index=\u00bb\u00bb][vc_column][qode_elements_holder number_of_columns=\u00bbtwo_columns\u00bb][qode_elements_holder_item vertical_alignment=\u00bbmiddle\u00bb advanced_animations=\u00bbno\u00bb item_padding=\u00bb20px 20px 20px 20px\u00bb][vc_column_text]El Hotel San Cassiano ofrece habitaciones recientemente renovadas para satisfacer todas tus necesidades y son la opci\u00f3n ideal para alojarse en el verdadero entorno de la Venecia m\u00e1s caracter\u00edstica.<\/p>\n<p>C\u00f3modas y relajantes, todas las habitaciones ofrecen aire acondicionado, calefacci\u00f3n independiente, minibar, TV de pantalla plana v\u00eda sat\u00e9lite, caja fuerte, wifi y secador de pelo.<\/p>\n<p>Los ba\u00f1os privados se renuevan cada d\u00eda con toallas suaves y art\u00edculos de tocador.[\/vc_column_text][\/qode_elements_holder_item][qode_elements_holder_item vertical_alignment=\u00bbmiddle\u00bb advanced_animations=\u00bbno\u00bb item_padding=\u00bb20px 20px 20px 20px\u00bb][vc_gallery interval=\u00bb3&#8243; images=\u00bb505,517,529&#8243; img_size=\u00bb600&#215;450&#8243;][\/qode_elements_holder_item][\/qode_elements_holder][\/vc_column][\/vc_row][vc_row css_animation=\u00bb\u00bb row_type=\u00bbrow\u00bb use_row_as_full_screen_section=\u00bbno\u00bb type=\u00bbgrid\u00bb angled_section=\u00bbno\u00bb text_align=\u00bbleft\u00bb background_image_as_pattern=\u00bbwithout_pattern\u00bb background_color=\u00bb#eaeaea\u00bb padding_top=\u00bb40&#8243; padding_bottom=\u00bb40&#8243; z_index=\u00bb\u00bb][vc_column][qode_elements_holder number_of_columns=\u00bbtwo_columns\u00bb][qode_elements_holder_item vertical_alignment=\u00bbmiddle\u00bb advanced_animations=\u00bbno\u00bb item_padding=\u00bb20px 20px 20px 20px\u00bb][vc_column_text]<\/p>\n<h2 style=\"text-align: left;\">Individual<\/h2>\n<p>[\/vc_column_text][vc_empty_space height=\u00bb20px\u00bb][vc_column_text]Con vistas a la calle o al canal lateral, es una acogedora habitaci\u00f3n con todas las comodidades. De unos 8,5 metros cuadrados.[\/vc_column_text][\/qode_elements_holder_item][qode_elements_holder_item vertical_alignment=\u00bbmiddle\u00bb advanced_animations=\u00bbno\u00bb item_padding=\u00bb20px 20px 20px 20px\u00bb][vc_gallery interval=\u00bb0&#8243; images=\u00bb409,445,449&#8243; img_size=\u00bb600&#215;400&#8243; onclick=\u00bbimg_link_large\u00bb][\/qode_elements_holder_item][\/qode_elements_holder][\/vc_column][\/vc_row][vc_row css_animation=\u00bb\u00bb row_type=\u00bbrow\u00bb use_row_as_full_screen_section=\u00bbno\u00bb type=\u00bbgrid\u00bb angled_section=\u00bbno\u00bb text_align=\u00bbleft\u00bb background_image_as_pattern=\u00bbwithout_pattern\u00bb padding_top=\u00bb40&#8243; padding_bottom=\u00bb40&#8243; z_index=\u00bb\u00bb][vc_column][qode_elements_holder number_of_columns=\u00bbtwo_columns\u00bb][qode_elements_holder_item vertical_alignment=\u00bbmiddle\u00bb advanced_animations=\u00bbno\u00bb item_padding=\u00bb20px 20px 20px 20px\u00bb][vc_gallery interval=\u00bb0&#8243; images=\u00bb361,365,369,445,449&#8243; img_size=\u00bb600&#215;400&#8243; onclick=\u00bbimg_link_large\u00bb][\/qode_elements_holder_item][qode_elements_holder_item vertical_alignment=\u00bbmiddle\u00bb advanced_animations=\u00bbno\u00bb item_padding=\u00bb20px 20px 20px 20px\u00bb][vc_column_text]<\/p>\n<h2 style=\"text-align: right;\">Doble\/Matrimonial<\/h2>\n<p>[\/vc_column_text][vc_empty_space height=\u00bb20px\u00bb][vc_column_text]<\/p>\n<p style=\"text-align: right;\">Con vista a la calle, al canal lateral o al patio interno, la habitaci\u00f3n est\u00e1 equipada con una cama doble o dos camas individuales y adornada con un candelabro de cristal de Murano. De unos 12 metros cuadrados.<\/p>\n<p>[\/vc_column_text][\/qode_elements_holder_item][\/qode_elements_holder][\/vc_column][\/vc_row][vc_row css_animation=\u00bb\u00bb row_type=\u00bbrow\u00bb use_row_as_full_screen_section=\u00bbno\u00bb type=\u00bbgrid\u00bb angled_section=\u00bbno\u00bb text_align=\u00bbleft\u00bb background_image_as_pattern=\u00bbwithout_pattern\u00bb background_color=\u00bb#eaeaea\u00bb padding_top=\u00bb40&#8243; padding_bottom=\u00bb40&#8243; z_index=\u00bb\u00bb][vc_column][qode_elements_holder number_of_columns=\u00bbtwo_columns\u00bb][qode_elements_holder_item vertical_alignment=\u00bbmiddle\u00bb advanced_animations=\u00bbno\u00bb item_padding=\u00bb20px 20px 20px 20px\u00bb][vc_column_text]<\/p>\n<h2 style=\"text-align: left;\">Triple<\/h2>\n<p>[\/vc_column_text][vc_empty_space height=\u00bb20px\u00bb][vc_column_text]Habitaci\u00f3n para tres personas con vistas a la calle, al canal lateral o al patio interior. Grande y c\u00f3moda, con grabados antiguos y cortinas elaboradas. Tambi\u00e9n est\u00e1 disponible con 3 camas individuales. De unos 18 metros cuadrados.[\/vc_column_text][\/qode_elements_holder_item][qode_elements_holder_item vertical_alignment=\u00bbmiddle\u00bb advanced_animations=\u00bbno\u00bb item_padding=\u00bb20px 20px 20px 20px\u00bb][vc_gallery interval=\u00bb0&#8243; images=\u00bb421,425,429,433,445,449&#8243; img_size=\u00bb600&#215;400&#8243; onclick=\u00bbimg_link_large\u00bb][\/qode_elements_holder_item][\/qode_elements_holder][\/vc_column][\/vc_row][vc_row css_animation=\u00bb\u00bb row_type=\u00bbrow\u00bb use_row_as_full_screen_section=\u00bbno\u00bb type=\u00bbgrid\u00bb angled_section=\u00bbno\u00bb text_align=\u00bbleft\u00bb background_image_as_pattern=\u00bbwithout_pattern\u00bb padding_top=\u00bb40&#8243; padding_bottom=\u00bb40&#8243; z_index=\u00bb\u00bb][vc_column][qode_elements_holder number_of_columns=\u00bbtwo_columns\u00bb][qode_elements_holder_item vertical_alignment=\u00bbmiddle\u00bb advanced_animations=\u00bbno\u00bb item_padding=\u00bb20px 20px 20px 20px\u00bb][vc_gallery interval=\u00bb0&#8243; images=\u00bb397,401,405,445,449&#8243; img_size=\u00bb600&#215;400&#8243; onclick=\u00bbimg_link_large\u00bb][\/qode_elements_holder_item][qode_elements_holder_item vertical_alignment=\u00bbmiddle\u00bb advanced_animations=\u00bbno\u00bb item_padding=\u00bb20px 20px 20px 20px\u00bb][vc_column_text]<\/p>\n<h2 style=\"text-align: right;\">Cu\u00e1druple<\/h2>\n<p>[\/vc_column_text][vc_empty_space height=\u00bb20px\u00bb][vc_column_text]<\/p>\n<p style=\"text-align: right;\">Ideal para familias, habitaci\u00f3n amplia y equipada con todas las comodidades. Posibilidad de incluir 4 camas individuales. De unos 21 metros cuadrados.<\/p>\n<p>[\/vc_column_text][\/qode_elements_holder_item][\/qode_elements_holder][\/vc_column][\/vc_row][vc_row css_animation=\u00bb\u00bb row_type=\u00bbrow\u00bb use_row_as_full_screen_section=\u00bbno\u00bb type=\u00bbgrid\u00bb angled_section=\u00bbno\u00bb text_align=\u00bbleft\u00bb background_image_as_pattern=\u00bbwithout_pattern\u00bb background_color=\u00bb#eaeaea\u00bb padding_top=\u00bb40&#8243; padding_bottom=\u00bb40&#8243; z_index=\u00bb\u00bb][vc_column][qode_elements_holder number_of_columns=\u00bbtwo_columns\u00bb][qode_elements_holder_item vertical_alignment=\u00bbmiddle\u00bb advanced_animations=\u00bbno\u00bb item_padding=\u00bb20px 20px 20px 20px\u00bb][vc_column_text]<\/p>\n<h2 style=\"text-align: left;\">Deluxe con vistas al Gran Canal<\/h2>\n<p>[\/vc_column_text][vc_empty_space height=\u00bb20px\u00bb][vc_column_text]Con una maravillosa y sugerente vista al Gran Canal y al Ca\u2019 d\u2019Oro, habitaci\u00f3n con acabado fino y envuelta en una atm\u00f3sfera on\u00edrica. Tambi\u00e9n con cama Queen, 3 o 4 camas individuales. De unos 21 metros cuadrados.[\/vc_column_text][\/qode_elements_holder_item][qode_elements_holder_item vertical_alignment=\u00bbmiddle\u00bb advanced_animations=\u00bbno\u00bb item_padding=\u00bb20px 20px 20px 20px\u00bb][vc_gallery interval=\u00bb0&#8243; images=\u00bb349,353,357,1066,1057,445,449&#8243; img_size=\u00bb600&#215;400&#8243; onclick=\u00bbimg_link_large\u00bb][\/qode_elements_holder_item][\/qode_elements_holder][\/vc_column][\/vc_row][vc_row css_animation=\u00bb\u00bb row_type=\u00bbrow\u00bb use_row_as_full_screen_section=\u00bbno\u00bb type=\u00bbgrid\u00bb angled_section=\u00bbno\u00bb text_align=\u00bbleft\u00bb background_image_as_pattern=\u00bbwithout_pattern\u00bb padding_top=\u00bb40&#8243; padding_bottom=\u00bb40&#8243; z_index=\u00bb\u00bb][vc_column][qode_elements_holder number_of_columns=\u00bbtwo_columns\u00bb][qode_elements_holder_item vertical_alignment=\u00bbmiddle\u00bb advanced_animations=\u00bbno\u00bb item_padding=\u00bb20px 20px 20px 20px\u00bb][vc_gallery interval=\u00bb0&#8243; images=\u00bb433,429,445,449&#8243; img_size=\u00bb400&#215;300&#8243;][\/qode_elements_holder_item][qode_elements_holder_item vertical_alignment=\u00bbmiddle\u00bb advanced_animations=\u00bbno\u00bb item_padding=\u00bb20px 20px 20px 20px\u00bb][vc_column_text]<\/p>\n<h2 style=\"text-align: right;\">Doble\/matrimonial superior<\/h2>\n<p>[\/vc_column_text][vc_empty_space height=\u00bb20px\u00bb][vc_column_text]<\/p>\n<p style=\"text-align: right;\">Habitaci\u00f3n decorada con gusto, adornada con candelabros de Murano y cortinas finas. Vistas a la calle, al canal lateral o al patio interior. De unos 15 metros cuadrados.<\/p>\n<p>[\/vc_column_text][\/qode_elements_holder_item][\/qode_elements_holder][\/vc_column][\/vc_row][vc_row css_animation=\u00bb\u00bb row_type=\u00bbrow\u00bb use_row_as_full_screen_section=\u00bbno\u00bb type=\u00bbfull_width\u00bb angled_section=\u00bbno\u00bb text_align=\u00bbleft\u00bb background_image_as_pattern=\u00bbwithout_pattern\u00bb z_index=\u00bb\u00bb padding_top=\u00bb40&#8243; padding_bottom=\u00bb40&#8243; background_image=\u00bb150&#8243;][vc_column][vc_column_text]<\/p>\n<h2 style=\"text-align: center;\">Servicios<\/h2>\n<p>[\/vc_column_text][vc_empty_space][vc_row_inner row_type=\u00bbrow\u00bb type=\u00bbfull_width\u00bb text_align=\u00bbleft\u00bb css_animation=\u00bb\u00bb][vc_column_inner width=\u00bb1\/3&#8243;][vc_column_text]<\/p>\n<p style=\"text-align: center;\">Comfort<\/p>\n<p style=\"text-align: center;\">Con vista<\/p>\n<p style=\"text-align: center;\">Non fumatori<\/p>\n<p style=\"text-align: center;\">Telefono<\/p>\n<p style=\"text-align: center;\">Internet in camera<\/p>\n<p>[\/vc_column_text][\/vc_column_inner][vc_column_inner width=\u00bb1\/3&#8243;][vc_column_text]<\/p>\n<p style=\"text-align: center;\">Wi-fi<\/p>\n<p style=\"text-align: center;\">Tv satellitare LCD\/plasma<\/p>\n<p style=\"text-align: center;\">Frigobar<\/p>\n<p style=\"text-align: center;\">Cassaforte<\/p>\n<p style=\"text-align: center;\">Aria condizionata (regolabile)<\/p>\n<p>[\/vc_column_text][\/vc_column_inner][vc_column_inner width=\u00bb1\/3&#8243;][vc_column_text]<\/p>\n<p style=\"text-align: center;\">Riscaldamento (regolabile)<\/p>\n<p style=\"text-align: center;\">Doccia<\/p>\n<p style=\"text-align: center;\">Vasca<\/p>\n<p style=\"text-align: center;\">Courtesy kit<\/p>\n<p style=\"text-align: center;\">Asciugacapelli<\/p>\n<p>[\/vc_column_text][\/vc_column_inner][\/vc_row_inner][\/vc_column][\/vc_row]<\/p>\n<\/div>","protected":false},"excerpt":{"rendered":"<p>[vc_row css_animation=\u00bb\u00bb row_type=\u00bbrow\u00bb use_row_as_full_screen_section=\u00bbno\u00bb type=\u00bbfull_width\u00bb angled_section=\u00bbno\u00bb text_align=\u00bbleft\u00bb background_image_as_pattern=\u00bbwithout_pattern\u00bb][vc_column][\/vc_column][\/vc_row][vc_row css_animation=\u00bb\u00bb row_type=\u00bbrow\u00bb use_row_as_full_screen_section=\u00bbno\u00bb type=\u00bbgrid\u00bb angled_section=\u00bbno\u00bb text_align=\u00bbleft\u00bb background_image_as_pattern=\u00bbwithout_pattern\u00bb z_index=\u00bb\u00bb padding_top=\u00bb50&#8243; padding_bottom=\u00bb50&#8243;][vc_column][vc_column_text] Habitaciones [\/vc_column_text][\/vc_column][\/vc_row][vc_row css_animation=\u00bb\u00bb row_type=\u00bbrow\u00bb use_row_as_full_screen_section=\u00bbno\u00bb type=\u00bbgrid\u00bb angled_section=\u00bbno\u00bb text_align=\u00bbleft\u00bb background_image_as_pattern=\u00bbwithout_pattern\u00bb padding_bottom=\u00bb40&#8243; z_index=\u00bb\u00bb][vc_column][qode_elements_holder number_of_columns=\u00bbtwo_columns\u00bb][qode_elements_holder_item vertical_alignment=\u00bbmiddle\u00bb advanced_animations=\u00bbno\u00bb item_padding=\u00bb20px 20px 20px 20px\u00bb][vc_column_text]El Hotel San Cassiano ofrece habitaciones recientemente renovadas para satisfacer&#8230;<\/p>\n","protected":false},"author":1,"featured_media":0,"parent":0,"menu_order":0,"comment_status":"closed","ping_status":"closed","template":"full_width.php","meta":{"footnotes":""},"class_list":["post-239","page","type-page","status-publish","hentry"],"_links":{"self":[{"href":"https:\/\/www.sancassiano.it\/es\/wp-json\/wp\/v2\/pages\/239","targetHints":{"allow":["GET"]}}],"collection":[{"href":"https:\/\/www.sancassiano.it\/es\/wp-json\/wp\/v2\/pages"}],"about":[{"href":"https:\/\/www.sancassiano.it\/es\/wp-json\/wp\/v2\/types\/page"}],"author":[{"embeddable":true,"href":"https:\/\/www.sancassiano.it\/es\/wp-json\/wp\/v2\/users\/1"}],"replies":[{"embeddable":true,"href":"https:\/\/www.sancassiano.it\/es\/wp-json\/wp\/v2\/comments?post=239"}],"version-history":[{"count":3,"href":"https:\/\/www.sancassiano.it\/es\/wp-json\/wp\/v2\/pages\/239\/revisions"}],"predecessor-version":[{"id":1083,"href":"https:\/\/www.sancassiano.it\/es\/wp-json\/wp\/v2\/pages\/239\/revisions\/1083"}],"wp:attachment":[{"href":"https:\/\/www.sancassiano.it\/es\/wp-json\/wp\/v2\/media?parent=239"}],"curies":[{"name":"wp","href":"https:\/\/api.w.org\/{rel}","templated":true}]}}