{"id":228,"date":"2020-12-22T19:19:57","date_gmt":"2020-12-22T18:19:57","guid":{"rendered":"http:\/\/www.sancassiano.it\/?page_id=228"},"modified":"2020-12-23T16:58:36","modified_gmt":"2020-12-23T15:58:36","slug":"position","status":"publish","type":"page","link":"https:\/\/www.sancassiano.it\/de\/position\/","title":{"rendered":"Position"},"content":{"rendered":"<div class=\"wpb-content-wrapper\"><p>[vc_row css_animation=&#8220;&#8220; row_type=&#8220;row&#8220; use_row_as_full_screen_section=&#8220;no&#8220; type=&#8220;full_width&#8220; angled_section=&#8220;no&#8220; text_align=&#8220;left&#8220; background_image_as_pattern=&#8220;without_pattern&#8220;][vc_column][vc_raw_html]JTVCd3BnbXphJTIwaWQlM0QlMjIxJTIyJTVE[\/vc_raw_html][\/vc_column][\/vc_row][vc_row css_animation=&#8220;&#8220; row_type=&#8220;row&#8220; use_row_as_full_screen_section=&#8220;no&#8220; type=&#8220;grid&#8220; angled_section=&#8220;no&#8220; text_align=&#8220;left&#8220; background_image_as_pattern=&#8220;without_pattern&#8220; z_index=&#8220;&#8220; padding_top=&#8220;50&#8243; padding_bottom=&#8220;50&#8243;][vc_column][vc_column_text]<\/p>\n<h1 style=\"text-align: center;\">Position<\/h1>\n<p>[\/vc_column_text][vc_empty_space height=&#8220;20px&#8220;][vc_column_text]<\/p>\n<p style=\"text-align: center;\">Das Hotel San Cassiano in Venedig befindet sich im charakteristischen Viertel Santa Croce und bietet einen atemberaubenden Blick auf den Canal Grande.<\/p>\n<p style=\"text-align: center;\">Das Ca &#8218;Favretto liegt nur 5 Gehminuten von Rialto entfernt und ist ein bequemes historisches Geb\u00e4ude f\u00fcr Ca&#8216; Pesaro, eine internationale Galerie f\u00fcr moderne Kunst; Palazzo Mocenigo, Museum f\u00fcr venezianische Stoffe, Kost\u00fcme und Parfums; die Fondazione Prada ist Sitz anspruchsvoller Privatausstellungen und prestigetr\u00e4chtiger Veranstaltungen und die bezaubernde Piazza San Marco, ihre Basilika und der ber\u00fchmte Glockenturm k\u00f6nnen in etwa 15 Minuten zu Fu\u00df erreicht werden.<\/p>\n<p style=\"text-align: center;\">Das Hotel San Cassiano liegt nur 5 Gehminuten vom Wasserbushafen entfernt. Von der Haltestelle San Stae, wenige Meter von unserem Hotel, fahren die wichtigsten Wasserbusse ab, um die Hauptattraktionen von Venedig zu erreichen.<\/p>\n<p>[\/vc_column_text][\/vc_column][\/vc_row][vc_row css_animation=&#8220;&#8220; row_type=&#8220;row&#8220; use_row_as_full_screen_section=&#8220;no&#8220; type=&#8220;grid&#8220; angled_section=&#8220;no&#8220; text_align=&#8220;left&#8220; background_image_as_pattern=&#8220;without_pattern&#8220; anchor=&#8220;#come-raggiungere&#8220; padding_top=&#8220;30&#8243; padding_bottom=&#8220;30&#8243;][vc_column][vc_column_text]<\/p>\n<h2>Wie Sie uns erreichen<\/h2>\n<p>[\/vc_column_text][\/vc_column][\/vc_row][vc_row css_animation=&#8220;&#8220; row_type=&#8220;row&#8220; use_row_as_full_screen_section=&#8220;no&#8220; type=&#8220;grid&#8220; angled_section=&#8220;no&#8220; text_align=&#8220;left&#8220; background_image_as_pattern=&#8220;without_pattern&#8220; padding_top=&#8220;30&#8243; padding_bottom=&#8220;30&#8243; z_index=&#8220;&#8220;][vc_column width=&#8220;1\/6&#8243;]<span data-type=\"circle\" data-hover-bg-color=\"#ac9460\" data-hover-icon-color=\"#ffffff\" class=\"qode_icon_shortcode fa-stack q_font_awsome_icon_stack fa-4x pull-center \" style=\"font-size: 40px;font-size: 50px; \"><i class=\"fa fa-circle fa-stack-base fa-stack-2x\" style=\"color: #ac9460;\"><\/i><i class=\"qode_icon_font_awesome fa fa-train qode_icon_element fa-stack-1x\" style=\"font-size: 40px;color: #ffffff;\" ><\/i><\/span>[\/vc_column][vc_column width=&#8220;5\/6&#8243;][vc_empty_space height=&#8220;5px&#8220;][vc_column_text]<\/p>\n<h3>Mit dem Zug<\/h3>\n<p>[\/vc_column_text][vc_empty_space height=&#8220;15px&#8220;][vc_column_text]Vom Bahnhof Venezia Santa Lucia k\u00f6nnen Sie mit einem Wassertaxi direkt zum Hotel oder mit der ACTV-Wasserbus-Linie 1 bis zur Haltestelle San Stae fahren. Das Hotel ist in f\u00fcnf Minuten zu Fu\u00df von der Anlegestelle erreichbar.[\/vc_column_text][\/vc_column][\/vc_row][vc_row css_animation=&#8220;&#8220; row_type=&#8220;row&#8220; use_row_as_full_screen_section=&#8220;no&#8220; type=&#8220;grid&#8220; angled_section=&#8220;no&#8220; text_align=&#8220;left&#8220; background_image_as_pattern=&#8220;without_pattern&#8220; padding_bottom=&#8220;30&#8243;][vc_column width=&#8220;1\/6&#8243;]<span data-type=\"circle\" data-hover-bg-color=\"#ac9460\" data-hover-icon-color=\"#ffffff\" class=\"qode_icon_shortcode fa-stack q_font_awsome_icon_stack fa-4x pull-center \" style=\"font-size: 40px;font-size: 50px; \"><i class=\"fa fa-circle fa-stack-base fa-stack-2x\" style=\"color: #ac9460;\"><\/i><i class=\"qode_icon_font_awesome fa fa-plane qode_icon_element fa-stack-1x\" style=\"font-size: 40px;color: #ffffff;\" ><\/i><\/span>[\/vc_column][vc_column width=&#8220;5\/6&#8243;][vc_empty_space height=&#8220;5px&#8220;][vc_column_text]<\/p>\n<h3>Mit dem Auto<\/h3>\n<p>[\/vc_column_text][vc_empty_space height=&#8220;15px&#8220;][vc_column_text]Vom Piazzale Roma-Autoterminal erreichen Sie das Hotel mit dem Wassertaxi oder mit der ACTV-Wasserbus-Linie 1 bis zur Haltestelle San Stae. Von der Parkinsel Tronchetto aus nehmen Sie die ACTV-Wasserbus-Linie 2 nach P.le Roma und dann die ACTV-Wasserbus-Linie 1 bis zur Haltestelle San Stae. Das Hotel ist in f\u00fcnf Minuten zu Fu\u00df von der Anlegestelle erreichbar.[\/vc_column_text][\/vc_column][\/vc_row][vc_row css_animation=&#8220;&#8220; row_type=&#8220;row&#8220; use_row_as_full_screen_section=&#8220;no&#8220; type=&#8220;grid&#8220; angled_section=&#8220;no&#8220; text_align=&#8220;left&#8220; background_image_as_pattern=&#8220;without_pattern&#8220; padding_top=&#8220;30&#8243; padding_bottom=&#8220;30&#8243; z_index=&#8220;&#8220;][vc_column width=&#8220;1\/6&#8243;]<span data-type=\"circle\" data-hover-bg-color=\"#ac9460\" data-hover-icon-color=\"#ffffff\" class=\"qode_icon_shortcode fa-stack q_font_awsome_icon_stack fa-4x pull-center \" style=\"font-size: 40px;font-size: 50px; \"><i class=\"fa fa-circle fa-stack-base fa-stack-2x\" style=\"color: #ac9460;\"><\/i><i class=\"qode_icon_font_awesome fa fa-car qode_icon_element fa-stack-1x\" style=\"font-size: 40px;color: #ffffff;\" ><\/i><\/span>[\/vc_column][vc_column width=&#8220;5\/6&#8243;][vc_empty_space height=&#8220;5px&#8220;][vc_column_text]<\/p>\n<h3>Mit dem Flugzeug<\/h3>\n<p>[\/vc_column_text][vc_empty_space height=&#8220;15px&#8220;][vc_column_text]Vom Flughafen Marco Polo in Venedig k\u00f6nnen Sie das Hotel mit dem Wassertaxi bis zu unserem privaten Anlegeplatz erreichen oder mit dem orangefarbenen Alilaguna-Shuttle bis zur Haltestelle San Stae fahren. Das Hotel ist in f\u00fcnf Minuten zu Fu\u00df von der Anlegestelle erreichbar.<\/p>\n<p>Alternativ k\u00f6nnen Sie den Actv-Bus der Linie 5 nach P.le Roma nehmen, von hier aus nehmen Sie die ACTV-Wasserbus-Linie 1 bis zur Haltestelle San Stae. Das Hotel ist in f\u00fcnf Minuten zu Fu\u00df von der Anlegestelle erreichbar.[\/vc_column_text][\/vc_column][\/vc_row][vc_row css_animation=&#8220;&#8220; row_type=&#8220;row&#8220; use_row_as_full_screen_section=&#8220;no&#8220; type=&#8220;full_width&#8220; angled_section=&#8220;no&#8220; text_align=&#8220;left&#8220; background_image_as_pattern=&#8220;without_pattern&#8220; padding_top=&#8220;30&#8243; z_index=&#8220;&#8220;][vc_column]<div class=\"call_to_action with_icon\" style=\"background-color: #ac9460;padding-top: 50px;padding-bottom: 50px;\"><div class=\"container_inner\"><div class=\"two_columns_75_25 clearfix\"><div class=\"text_wrapper column1\"><div class=\"call_to_action_icon_holder\"><div class=\"call_to_action_icon\"><div class=\"call_to_action_icon_inner\"><i class='fa fa-file-pdf-o pull-left . fa-3x'><\/i><\/div><\/div><\/div><div class=\"call_to_action_text  font_size_inherit font_weight_inherit\" style=\"font-size:26px;font-weight: 400;\">\n<p style=\"text-align: center;\"><span style=\"color: #ffffff;\"><strong>Laden Sie die PDF-Karte herunter<\/strong><\/span><\/p>\n<\/div><\/div><div class=\"button_wrapper column2\"><a itemprop=\"url\" href=\"https:\/\/www.sancassiano.it\/wp-content\/uploads\/2020\/12\/map_de.pdf\" class=\"qbutton white large\" target=\"_blank\" style=\"background-color: #aaa185;\"data-hover-background-color=#aaa185 >Download<\/a><\/div><\/div><\/div><\/div>[\/vc_column][\/vc_row]<\/p>\n<\/div>","protected":false},"excerpt":{"rendered":"<p>[vc_row css_animation=&#8220;&#8220; row_type=&#8220;row&#8220; use_row_as_full_screen_section=&#8220;no&#8220; type=&#8220;full_width&#8220; angled_section=&#8220;no&#8220; text_align=&#8220;left&#8220; background_image_as_pattern=&#8220;without_pattern&#8220;][vc_column][vc_raw_html]JTVCd3BnbXphJTIwaWQlM0QlMjIxJTIyJTVE[\/vc_raw_html][\/vc_column][\/vc_row][vc_row css_animation=&#8220;&#8220; row_type=&#8220;row&#8220; use_row_as_full_screen_section=&#8220;no&#8220; type=&#8220;grid&#8220; angled_section=&#8220;no&#8220; text_align=&#8220;left&#8220; background_image_as_pattern=&#8220;without_pattern&#8220; z_index=&#8220;&#8220; padding_top=&#8220;50&#8243; padding_bottom=&#8220;50&#8243;][vc_column][vc_column_text] Position [\/vc_column_text][vc_empty_space height=&#8220;20px&#8220;][vc_column_text] Das Hotel San Cassiano in Venedig befindet sich im charakteristischen Viertel Santa Croce und bietet einen atemberaubenden Blick auf den Canal Grande. Das Ca&#8230;<\/p>\n","protected":false},"author":1,"featured_media":0,"parent":0,"menu_order":0,"comment_status":"closed","ping_status":"closed","template":"full_width.php","meta":{"footnotes":""},"class_list":["post-228","page","type-page","status-publish","hentry"],"_links":{"self":[{"href":"https:\/\/www.sancassiano.it\/de\/wp-json\/wp\/v2\/pages\/228","targetHints":{"allow":["GET"]}}],"collection":[{"href":"https:\/\/www.sancassiano.it\/de\/wp-json\/wp\/v2\/pages"}],"about":[{"href":"https:\/\/www.sancassiano.it\/de\/wp-json\/wp\/v2\/types\/page"}],"author":[{"embeddable":true,"href":"https:\/\/www.sancassiano.it\/de\/wp-json\/wp\/v2\/users\/1"}],"replies":[{"embeddable":true,"href":"https:\/\/www.sancassiano.it\/de\/wp-json\/wp\/v2\/comments?post=228"}],"version-history":[{"count":4,"href":"https:\/\/www.sancassiano.it\/de\/wp-json\/wp\/v2\/pages\/228\/revisions"}],"predecessor-version":[{"id":288,"href":"https:\/\/www.sancassiano.it\/de\/wp-json\/wp\/v2\/pages\/228\/revisions\/288"}],"wp:attachment":[{"href":"https:\/\/www.sancassiano.it\/de\/wp-json\/wp\/v2\/media?parent=228"}],"curies":[{"name":"wp","href":"https:\/\/api.w.org\/{rel}","templated":true}]}}