{"id":219,"date":"2020-12-22T19:13:27","date_gmt":"2020-12-22T18:13:27","guid":{"rendered":"http:\/\/www.sancassiano.it\/?page_id=219"},"modified":"2024-11-13T17:53:54","modified_gmt":"2024-11-13T16:53:54","slug":"f-a-q","status":"publish","type":"page","link":"https:\/\/www.sancassiano.it\/de\/f-a-q\/","title":{"rendered":"F.A.Q."},"content":{"rendered":"<div class=\"wpb-content-wrapper\"><p>[vc_row css_animation=&#8220;&#8220; row_type=&#8220;row&#8220; use_row_as_full_screen_section=&#8220;no&#8220; type=&#8220;full_width&#8220; angled_section=&#8220;no&#8220; text_align=&#8220;left&#8220; background_image_as_pattern=&#8220;without_pattern&#8220;][vc_column]\n\t\t\t<!-- START Camere REVOLUTION SLIDER 6.6.18 --><p class=\"rs-p-wp-fix\"><\/p>\n\t\t\t<rs-module-wrap id=\"rev_slider_3_1_wrapper\" data-source=\"gallery\" style=\"visibility:hidden;background:transparent;padding:0;margin:0px auto;margin-top:0;margin-bottom:0;\">\n\t\t\t\t<rs-module id=\"rev_slider_3_1\" style=\"\" data-version=\"6.6.18\">\n\t\t\t\t\t<rs-slides style=\"overflow: hidden; position: absolute;\">\n\t\t\t\t\t\t<rs-slide style=\"position: absolute;\" data-key=\"rs-5\" data-title=\"Slide\" data-anim=\"ms:1000;r:0;\" data-in=\"o:0;\" data-out=\"a:false;\">\n\t\t\t\t\t\t\t<img decoding=\"async\" src=\"\/\/www.sancassiano.it\/wp-content\/plugins\/revslider\/public\/assets\/assets\/dummy.png\" alt=\"\" title=\"San-Cassiano-27\" width=\"1920\" height=\"1280\" class=\"rev-slidebg tp-rs-img rs-lazyload\" data-lazyload=\"\/\/www.sancassiano.it\/wp-content\/uploads\/2019\/11\/San-Cassiano-27.jpg\" data-no-retina>\n<!---->\t\t\t\t\t\t<\/rs-slide>\n\t\t\t\t\t<\/rs-slides>\n\t\t\t\t<\/rs-module>\n\t\t\t\t<script>\n\t\t\t\t\tsetREVStartSize({c: 'rev_slider_3_1',rl:[1240,1024,778,480],el:[700],gw:[500],gh:[700],type:'standard',justify:'',layout:'fullwidth',mh:\"0\"});if (window.RS_MODULES!==undefined && window.RS_MODULES.modules!==undefined && window.RS_MODULES.modules[\"revslider31\"]!==undefined) {window.RS_MODULES.modules[\"revslider31\"].once = false;window.revapi3 = undefined;if (window.RS_MODULES.checkMinimal!==undefined) window.RS_MODULES.checkMinimal()}\n\t\t\t\t<\/script>\n\t\t\t<\/rs-module-wrap>\n\t\t\t<!-- END REVOLUTION SLIDER -->\n[\/vc_column][\/vc_row][vc_row css_animation=&#8220;&#8220; row_type=&#8220;row&#8220; use_row_as_full_screen_section=&#8220;no&#8220; type=&#8220;grid&#8220; angled_section=&#8220;no&#8220; text_align=&#8220;left&#8220; background_image_as_pattern=&#8220;without_pattern&#8220; z_index=&#8220;&#8220; padding_top=&#8220;50&#8243; padding_bottom=&#8220;50&#8243;][vc_column][vc_column_text]<\/p>\n<h1 style=\"text-align: center;\">H\u00e4ufig gestellte Fragen<\/h1>\n<p>[\/vc_column_text][\/vc_column][\/vc_row][vc_row css_animation=&#8220;&#8220; row_type=&#8220;row&#8220; use_row_as_full_screen_section=&#8220;no&#8220; type=&#8220;full_width&#8220; angled_section=&#8220;no&#8220; text_align=&#8220;left&#8220; background_image_as_pattern=&#8220;without_pattern&#8220; z_index=&#8220;&#8220; padding_bottom=&#8220;60&#8243;][vc_column]<div class=\"qode-accordion-holder clearfix qode-toggle qode-initial \">\n\t<h4 class=\"clearfix qode-title-holder\">\n<span class=\"qode-tab-title\">\n\t    <span class=\"qode-tab-title-inner\">\n        Wie kommt man hin?    <\/span>\n<\/span>\n<span class=\"qode-accordion-mark\">\n    <span class=\"qode-accordion-mark-icon\">\n        <span class=\"icon_plus\"><\/span>\n        <span class=\"icon_minus-06\"><\/span>\n    <\/span>\n<\/span>\n<\/h4>\n<div  class=\"qode-accordion-content \" >\n    <div class=\"qode-accordion-content-inner\">\n        [vc_column_text]<strong>Mit dem Zug<\/strong> | Vom Bahnhof Venezia Santa Lucia k\u00f6nnen Sie mit einem Wassertaxi direkt zum Hotel oder mit der ACTV-Wasserbus-Linie 1 bis zur Haltestelle San Stae fahren. Das Hotel ist in f\u00fcnf Minuten zu Fu\u00df von der Anlegestelle erreichbar.<\/p>\n<p><strong>Mit dem Auto<\/strong> | Vom Piazzale Roma-Autoterminal erreichen Sie das Hotel mit dem Wassertaxi oder mit der ACTV-Wasserbus-Linie 1 bis zur Haltestelle San Stae. Von der Parkinsel Tronchetto aus nehmen Sie die ACTV-Wasserbus-Linie 2 nach P.le Roma und dann die ACTV-Wasserbus-Linie 1 bis zur Haltestelle San Stae. Das Hotel ist in f\u00fcnf Minuten zu Fu\u00df von der Anlegestelle erreichbar.<\/p>\n<p><strong>Mit dem Flugzeug<\/strong> | Vom Flughafen Marco Polo in Venedig k\u00f6nnen Sie das Hotel mit dem Wassertaxi bis zu unserem privaten Anlegeplatz erreichen oder mit dem orangefarbenen Alilaguna-Shuttle bis zur Haltestelle San Stae fahren. Das Hotel ist in f\u00fcnf Minuten zu Fu\u00df von der Anlegestelle erreichbar.<\/p>\n<p>Alternativ k\u00f6nnen Sie den Actv-Bus der Linie 5 nach P.le Roma nehmen, von hier aus nehmen Sie die ACTV-Wasserbus-Linie 1 bis zur Haltestelle San Stae. Das Hotel ist in f\u00fcnf Minuten zu Fu\u00df von der Anlegestelle erreichbar.[\/vc_column_text]    <\/div>\n<\/div><h4 class=\"clearfix qode-title-holder\">\n<span class=\"qode-tab-title\">\n\t    <span class=\"qode-tab-title-inner\">\n        Wo kann ich essen?    <\/span>\n<\/span>\n<span class=\"qode-accordion-mark\">\n    <span class=\"qode-accordion-mark-icon\">\n        <span class=\"icon_plus\"><\/span>\n        <span class=\"icon_minus-06\"><\/span>\n    <\/span>\n<\/span>\n<\/h4>\n<div  class=\"qode-accordion-content \" >\n    <div class=\"qode-accordion-content-inner\">\n        [vc_column_text]Das Hotel San Cassiano liegt in der N\u00e4he von 3 guten Restaurants wie Nono Risorto, Regina Sconta, Muro San Stae.<\/p>\n<p>Au\u00dferdem gibt es in der N\u00e4he einen Bio-Minimarkt, eine ausgezeichnete typische B\u00e4ckerei und einen Supermarkt.[\/vc_column_text]    <\/div>\n<\/div><h4 class=\"clearfix qode-title-holder\">\n<span class=\"qode-tab-title\">\n\t    <span class=\"qode-tab-title-inner\">\n        Was gibt es in der Umgebung zu sehen?    <\/span>\n<\/span>\n<span class=\"qode-accordion-mark\">\n    <span class=\"qode-accordion-mark-icon\">\n        <span class=\"icon_plus\"><\/span>\n        <span class=\"icon_minus-06\"><\/span>\n    <\/span>\n<\/span>\n<\/h4>\n<div  class=\"qode-accordion-content \" >\n    <div class=\"qode-accordion-content-inner\">\n        [vc_column_text]Unsere rund um die Uhr ge\u00f6ffnete Rezeption hilft Ihnen bei der Organisation von Besuchen in den Museen in unserer N\u00e4he: Ca &#8218;Pesaro, internationale Galerie f\u00fcr moderne Kunst; Palazzo Mocenigo, Museum f\u00fcr venezianische Stoffe, Kost\u00fcme und Parfums; Fondazione Prada, Sitz anspruchsvoller Privatausstellungen und prestigetr\u00e4chtiger Veranstaltungen.<\/p>\n<p>Verpassen Sie auch nicht den Rialto-Fischmarkt, ein typischer Ort, um in die Atmosph\u00e4re der vergangenen Jahre einzutauchen (montags geschlossen).[\/vc_column_text]    <\/div>\n<\/div><h4 class=\"clearfix qode-title-holder\">\n<span class=\"qode-tab-title\">\n\t    <span class=\"qode-tab-title-inner\">\n        Wie komme ich schnell zum Flughafen?    <\/span>\n<\/span>\n<span class=\"qode-accordion-mark\">\n    <span class=\"qode-accordion-mark-icon\">\n        <span class=\"icon_plus\"><\/span>\n        <span class=\"icon_minus-06\"><\/span>\n    <\/span>\n<\/span>\n<\/h4>\n<div  class=\"qode-accordion-content \" >\n    <div class=\"qode-accordion-content-inner\">\n        [vc_column_text]Das Wassertaxi erreicht den Flughafen Marco Polo in nur 25 Minuten zum Preis von 140 \u20ac f\u00fcr bis zu 4 Personen inklusive Gep\u00e4ckst\u00fccke. Das Hotel San Cassiano bietet eine private Anlegestelle und das Personal hilft Ihnen gerne mit Ihren Gep\u00e4ckst\u00fccken.[\/vc_column_text]    <\/div>\n<\/div><h4 class=\"clearfix qode-title-holder\">\n<span class=\"qode-tab-title\">\n\t    <span class=\"qode-tab-title-inner\">\n        Wie komme ich kosteng\u00fcnstig zum Flughafen?    <\/span>\n<\/span>\n<span class=\"qode-accordion-mark\">\n    <span class=\"qode-accordion-mark-icon\">\n        <span class=\"icon_plus\"><\/span>\n        <span class=\"icon_minus-06\"><\/span>\n    <\/span>\n<\/span>\n<\/h4>\n<div  class=\"qode-accordion-content \" >\n    <div class=\"qode-accordion-content-inner\">\n        [vc_column_text]Die orangefarbene Schiffslinie Alilaguna f\u00e4hrt von der Anlegestelle San Stae ab und ist nur 5 Minuten vom Hotel San Cassiano entfernt, und erreicht den Flughafen in etwa 50 Minuten. Es kostet 15 \u20ac pro Person inklusive Gep\u00e4ckst\u00fccke.[\/vc_column_text]    <\/div>\n<\/div><h4 class=\"clearfix qode-title-holder\">\n<span class=\"qode-tab-title\">\n\t    <span class=\"qode-tab-title-inner\">\n        Wann sind die Check-in-\/Check-out-Zeiten?    <\/span>\n<\/span>\n<span class=\"qode-accordion-mark\">\n    <span class=\"qode-accordion-mark-icon\">\n        <span class=\"icon_plus\"><\/span>\n        <span class=\"icon_minus-06\"><\/span>\n    <\/span>\n<\/span>\n<\/h4>\n<div  class=\"qode-accordion-content \" >\n    <div class=\"qode-accordion-content-inner\">\n        [vc_column_text]Check-in ist ab 14:00 Uhr &#8211; Check-out ist bis 11:30 Uhr.<\/p>\n<p>An unserer 24-Stunden-Rezeption k\u00f6nnen Sie Ihr Gep\u00e4ck kostenlos aufbewahren, damit Sie Venedig bereits vor dem Check-in oder nach dem Check-out entdecken k\u00f6nnen.[\/vc_column_text]    <\/div>\n<\/div><h4 class=\"clearfix qode-title-holder\">\n<span class=\"qode-tab-title\">\n\t    <span class=\"qode-tab-title-inner\">\n        Was geh\u00f6rt zum Fr\u00fchst\u00fcck?    <\/span>\n<\/span>\n<span class=\"qode-accordion-mark\">\n    <span class=\"qode-accordion-mark-icon\">\n        <span class=\"icon_plus\"><\/span>\n        <span class=\"icon_minus-06\"><\/span>\n    <\/span>\n<\/span>\n<\/h4>\n<div  class=\"qode-accordion-content \" >\n    <div class=\"qode-accordion-content-inner\">\n        [vc_column_text]Der Preis mit Fr\u00fchst\u00fcck beinhaltet ein k\u00f6stliches kontinentales Fr\u00fchst\u00fcck mit einem Buffet, das sowohl aus warmen als auch aus kalten Gerichten zusammengesetzt ist und sowohl s\u00fc\u00dfe als auch herzhafte Speisen inkludiert, mit der M\u00f6glichkeit, glutenfreie Gerichte zu bestellen. Es wird t\u00e4glich von 7:30 bis 10:00 Uhr im 2. Stock des Hotels mit atemberaubendem Blick auf den Canal Grande serviert.[\/vc_column_text]    <\/div>\n<\/div><h4 class=\"clearfix qode-title-holder\">\n<span class=\"qode-tab-title\">\n\t    <span class=\"qode-tab-title-inner\">\n        Gibt es Wasserkocher im Zimmer?    <\/span>\n<\/span>\n<span class=\"qode-accordion-mark\">\n    <span class=\"qode-accordion-mark-icon\">\n        <span class=\"icon_plus\"><\/span>\n        <span class=\"icon_minus-06\"><\/span>\n    <\/span>\n<\/span>\n<\/h4>\n<div  class=\"qode-accordion-content \" >\n    <div class=\"qode-accordion-content-inner\">\n        [vc_column_text]In jedem Zimmer gibt es einen Wasserkocher f\u00fcr Kaffee und Tee.[\/vc_column_text]    <\/div>\n<\/div><\/div>[\/vc_column][\/vc_row]<\/p>\n<\/div>","protected":false},"excerpt":{"rendered":"<p>[vc_row css_animation=&#8220;&#8220; row_type=&#8220;row&#8220; use_row_as_full_screen_section=&#8220;no&#8220; type=&#8220;full_width&#8220; angled_section=&#8220;no&#8220; text_align=&#8220;left&#8220; background_image_as_pattern=&#8220;without_pattern&#8220;][vc_column][\/vc_column][\/vc_row][vc_row css_animation=&#8220;&#8220; row_type=&#8220;row&#8220; use_row_as_full_screen_section=&#8220;no&#8220; type=&#8220;grid&#8220; angled_section=&#8220;no&#8220; text_align=&#8220;left&#8220; background_image_as_pattern=&#8220;without_pattern&#8220; z_index=&#8220;&#8220; padding_top=&#8220;50&#8243; padding_bottom=&#8220;50&#8243;][vc_column][vc_column_text] H\u00e4ufig gestellte Fragen [\/vc_column_text][\/vc_column][\/vc_row][vc_row css_animation=&#8220;&#8220; row_type=&#8220;row&#8220; use_row_as_full_screen_section=&#8220;no&#8220; type=&#8220;full_width&#8220; angled_section=&#8220;no&#8220; text_align=&#8220;left&#8220; background_image_as_pattern=&#8220;without_pattern&#8220; z_index=&#8220;&#8220; padding_bottom=&#8220;60&#8243;][vc_column][\/vc_column][\/vc_row]<\/p>\n","protected":false},"author":1,"featured_media":0,"parent":0,"menu_order":0,"comment_status":"closed","ping_status":"closed","template":"","meta":{"footnotes":""},"class_list":["post-219","page","type-page","status-publish","hentry"],"_links":{"self":[{"href":"https:\/\/www.sancassiano.it\/de\/wp-json\/wp\/v2\/pages\/219","targetHints":{"allow":["GET"]}}],"collection":[{"href":"https:\/\/www.sancassiano.it\/de\/wp-json\/wp\/v2\/pages"}],"about":[{"href":"https:\/\/www.sancassiano.it\/de\/wp-json\/wp\/v2\/types\/page"}],"author":[{"embeddable":true,"href":"https:\/\/www.sancassiano.it\/de\/wp-json\/wp\/v2\/users\/1"}],"replies":[{"embeddable":true,"href":"https:\/\/www.sancassiano.it\/de\/wp-json\/wp\/v2\/comments?post=219"}],"version-history":[{"count":3,"href":"https:\/\/www.sancassiano.it\/de\/wp-json\/wp\/v2\/pages\/219\/revisions"}],"predecessor-version":[{"id":1030,"href":"https:\/\/www.sancassiano.it\/de\/wp-json\/wp\/v2\/pages\/219\/revisions\/1030"}],"wp:attachment":[{"href":"https:\/\/www.sancassiano.it\/de\/wp-json\/wp\/v2\/media?parent=219"}],"curies":[{"name":"wp","href":"https:\/\/api.w.org\/{rel}","templated":true}]}}